{"id":4054,"date":"2023-05-14T22:40:39","date_gmt":"2023-05-14T15:40:39","guid":{"rendered":"https:\/\/www.booktio.org\/product\/truyen-ke-truoc-khi-ngu\/"},"modified":"2023-05-14T22:40:39","modified_gmt":"2023-05-14T15:40:39","slug":"truyen-ke-truoc-khi-ngu","status":"publish","type":"product","link":"https:\/\/www.booktio.org\/en\/product\/truyen-ke-truoc-khi-ngu\/","title":{"rendered":"Truy\u1ec7n k\u1ec3 tr\u01b0\u1edbc khi ng\u1ee7"},"content":{"rendered":"<p>C\u00e1c c\u00e2u chuy\u1ec7n \u0111\u1ec1u ng\u1eafn g\u1ecdn v\u00e0 h\u1ea5p d\u1eabn, bao g\u1ed3m c\u00e1c tr\u00f2 ch\u01a1i th\u00fa v\u1ecb nh\u1eefng c\u00e2u chuy\u1ec7n h\u00e0i h\u01b0\u1edbc, nh\u1eefng c\u00e2u h\u1ecfi c\u1ea7n b\u00e9 ph\u1ea3i suy ngh\u0129. Cha m\u1eb9 h\u00e3y c\u00f9ng tr\u1ebb \u0111\u1ecdc truy\u1ec7n, tr\u1ea3 l\u1eddi c\u00e2u h\u1ecfi nh\u00e9. M\u1ed7i ng\u00e0y cha m\u1eb9 ch\u1ec9 c\u1ea7n d\u00e0nh ra v\u00e0i ph\u00fat \u0111\u1ecdc s\u00e1ch c\u00f9ng tr\u1ebb l\u00e0 \u0111\u00e3 c\u00f3 th\u1ec3 gi\u00fap tr\u1ebb b\u01b0\u1edbc v\u00e0o th\u1ebf gi\u1edbi di\u1ec7u k\u1ef3 c\u1ee7a nh\u1eefng c\u00e2u chuy\u1ec7n tr\u00ed tu\u1ec7 r\u1ed3i<\/p>","protected":false},"excerpt":{"rendered":"<p>C\u00e1c c\u00e2u chuy\u1ec7n \u0111\u1ec1u ng\u1eafn g\u1ecdn v\u00e0 h\u1ea5p d\u1eabn, bao g\u1ed3m c\u00e1c tr\u00f2 ch\u01a1i th\u00fa v\u1ecb nh\u1eefng c\u00e2u chuy\u1ec7n h\u00e0i h\u01b0\u1edbc<\/p>","protected":false},"featured_media":4053,"comment_status":"open","ping_status":"closed","template":"","meta":{"site-sidebar-layout":"default","site-content-layout":"","ast-site-content-layout":"","site-content-style":"default","site-sidebar-style":"default","ast-global-header-display":"","ast-banner-title-visibility":"","ast-main-header-display":"","ast-hfb-above-header-display":"","ast-hfb-below-header-display":"","ast-hfb-mobile-header-display":"","site-post-title":"","ast-breadcrumbs-content":"","ast-featured-img":"","footer-sml-layout":"","theme-transparent-header-meta":"","adv-header-id-meta":"","stick-header-meta":"","header-above-stick-meta":"","header-main-stick-meta":"","header-below-stick-meta":"","astra-migrate-meta-layouts":""},"product_cat":[39,67],"product_tag":[41,68],"class_list":["post-4054","product","type-product","status-publish","has-post-thumbnail","hentry","product_cat-children","product_cat-picture-books","product_tag-children","product_tag-picture-books","desktop-align-center","tablet-align-center","mobile-align-center","ast-product-gallery-layout-horizontal-slider","ast-product-gallery-with-no-image","ast-magnify-disabled","ast-product-tabs-layout-accordion"],"aioseo_notices":[],"_links":{"self":[{"href":"https:\/\/www.booktio.org\/en\/wp-json\/wp\/v2\/product\/4054","targetHints":{"allow":["GET"]}}],"collection":[{"href":"https:\/\/www.booktio.org\/en\/wp-json\/wp\/v2\/product"}],"about":[{"href":"https:\/\/www.booktio.org\/en\/wp-json\/wp\/v2\/types\/product"}],"replies":[{"embeddable":true,"href":"https:\/\/www.booktio.org\/en\/wp-json\/wp\/v2\/comments?post=4054"}],"version-history":[{"count":0,"href":"https:\/\/www.booktio.org\/en\/wp-json\/wp\/v2\/product\/4054\/revisions"}],"wp:featuredmedia":[{"embeddable":true,"href":"https:\/\/www.booktio.org\/en\/wp-json\/wp\/v2\/media\/4053"}],"wp:attachment":[{"href":"https:\/\/www.booktio.org\/en\/wp-json\/wp\/v2\/media?parent=4054"}],"wp:term":[{"taxonomy":"product_cat","embeddable":true,"href":"https:\/\/www.booktio.org\/en\/wp-json\/wp\/v2\/product_cat?post=4054"},{"taxonomy":"product_tag","embeddable":true,"href":"https:\/\/www.booktio.org\/en\/wp-json\/wp\/v2\/product_tag?post=4054"}],"curies":[{"name":"wp","href":"https:\/\/api.w.org\/{rel}","templated":true}]}}