{"id":4050,"date":"2023-05-14T22:40:33","date_gmt":"2023-05-14T15:40:33","guid":{"rendered":"https:\/\/www.booktio.org\/product\/truyen-co-tich-ve-cac-vi-sao\/"},"modified":"2023-05-14T22:40:33","modified_gmt":"2023-05-14T15:40:33","slug":"truyen-co-tich-ve-cac-vi-sao","status":"publish","type":"product","link":"https:\/\/www.booktio.org\/en\/product\/truyen-co-tich-ve-cac-vi-sao\/","title":{"rendered":"Truy\u1ec7n C\u1ed5 T\u00edch V\u1ec1 C\u00e1c V\u00ec Sao"},"content":{"rendered":"<p>V\u1edbi c\u00e1c truy\u1ec7n:<br \/>\nCh\u00f2m sao g\u00e0 con (Truy\u1ec7n c\u1ed5 d\u00e2n gian Th\u00e1i Lan) &#8211; Truy\u1ec1n thuy\u1ebft v\u1ec1 nh\u1eefng ch\u00fa g\u00e0 con hi\u1ebfu th\u1ea3o tr\u1edf th\u00e0nh ch\u00f2m sao s\u00e1ng l\u1ea5p l\u00e1nh tr\u00ean b\u1ea7u tr\u1eddi.<br \/>\nSao C\u00e1 s\u1ea5u (Truy\u1ec7n c\u1ed5 d\u00e2n gian Th\u00e1i Lan) &#8211; Chuy\u1ec7n k\u1ec3 v\u1ec1 c\u00e1 s\u1ea5u ph\u00fa \u00f4ng tr\u1edf th\u00e0nh m\u1ed9t ch\u00f2m sao tr\u00ean th\u01b0\u1ee3ng gi\u1edbi.<br \/>\nD\u1ea3i Ng\u00e2n h\u00e0 (Truy\u1ec7n c\u1ed5 d\u00e2n gian Trung Qu\u1ed1c) &#8211; D\u1ea3i s\u00e1ng tr\u1eafng v\u1eaft ngang b\u1ea7u tr\u1eddi, n\u01a1i ch\u00e0ng trai ch\u0103n b\u00f2 v\u00e0 ti\u00ean n\u1eef d\u1ec7t v\u1ea3i ch\u1edd \u0111\u1ee3i \u0111\u00f4i b\u1edd \u0111\u1ec3 \u0111\u01b0\u1ee3c g\u1eb7p nhau.<br \/>\nCu\u1ed1n &#8220;Truy\u1ec7n c\u1ed5 t\u00edch v\u1ec1 c\u00e1c v\u00ec sao &#8211; Truy\u1ec1n thuy\u1ebft c\u1ee7a c\u00e1c d\u00e2n t\u1ed9c tr\u00ean th\u1ebf gi\u1edbi v\u1ec1 c\u00e1c ch\u00f2m sao&#8221; n\u00e0y s\u1ebd l\u00f4i cu\u1ed1n tr\u1ebb y\u00eau th\u00edch quan s\u00e1t c\u00e1c v\u00ec sao. Nh\u1eefng c\u00e2u chuy\u1ec7n c\u1ed5 gi\u00e0u tr\u00ed t\u01b0\u1edfng t\u01b0\u1ee3ng trong \u0111\u00f3 s\u1ebd kh\u01a1i ngu\u1ed3n cho l\u00f2ng ham m\u00ea t\u00ecm hi\u1ec3u h\u1ecdc h\u1ecfi c\u1ee7a tr\u1ebb v\u1ec1 thi\u00ean v\u0103n h\u1ecdc, m\u1ed9t th\u1ebf gi\u1edbi h\u1ee9a h\u1eb9n nhi\u1ec1u \u0111i\u1ec1u th\u00fa v\u1ecb.<\/p>","protected":false},"excerpt":{"rendered":"<p>V\u1edbi c\u00e1c truy\u1ec7n: Ch\u00f2m sao g\u00e0 con (Truy\u1ec7n c\u1ed5 d\u00e2n gian Th\u00e1i Lan) &#8211; Truy\u1ec1n thuy\u1ebft v\u1ec1 nh\u1eefng ch\u00fa g\u00e0 con hi\u1ebfu th\u1ea3o tr\u1edf th\u00e0nh ch\u00f2m sao s\u00e1ng l\u1ea5p l\u00e1nh tr\u00ean b\u1ea7u tr\u1eddi.<\/p>","protected":false},"featured_media":4049,"comment_status":"open","ping_status":"closed","template":"","meta":{"site-sidebar-layout":"default","site-content-layout":"","ast-site-content-layout":"","site-content-style":"default","site-sidebar-style":"default","ast-global-header-display":"","ast-banner-title-visibility":"","ast-main-header-display":"","ast-hfb-above-header-display":"","ast-hfb-below-header-display":"","ast-hfb-mobile-header-display":"","site-post-title":"","ast-breadcrumbs-content":"","ast-featured-img":"","footer-sml-layout":"","theme-transparent-header-meta":"","adv-header-id-meta":"","stick-header-meta":"","header-above-stick-meta":"","header-main-stick-meta":"","header-below-stick-meta":"","astra-migrate-meta-layouts":""},"product_cat":[39,67],"product_tag":[41,68],"class_list":["post-4050","product","type-product","status-publish","has-post-thumbnail","hentry","product_cat-children","product_cat-picture-books","product_tag-children","product_tag-picture-books","desktop-align-center","tablet-align-center","mobile-align-center","ast-product-gallery-layout-horizontal-slider","ast-product-gallery-with-no-image","ast-magnify-disabled","ast-product-tabs-layout-accordion"],"aioseo_notices":[],"_links":{"self":[{"href":"https:\/\/www.booktio.org\/en\/wp-json\/wp\/v2\/product\/4050","targetHints":{"allow":["GET"]}}],"collection":[{"href":"https:\/\/www.booktio.org\/en\/wp-json\/wp\/v2\/product"}],"about":[{"href":"https:\/\/www.booktio.org\/en\/wp-json\/wp\/v2\/types\/product"}],"replies":[{"embeddable":true,"href":"https:\/\/www.booktio.org\/en\/wp-json\/wp\/v2\/comments?post=4050"}],"version-history":[{"count":0,"href":"https:\/\/www.booktio.org\/en\/wp-json\/wp\/v2\/product\/4050\/revisions"}],"wp:featuredmedia":[{"embeddable":true,"href":"https:\/\/www.booktio.org\/en\/wp-json\/wp\/v2\/media\/4049"}],"wp:attachment":[{"href":"https:\/\/www.booktio.org\/en\/wp-json\/wp\/v2\/media?parent=4050"}],"wp:term":[{"taxonomy":"product_cat","embeddable":true,"href":"https:\/\/www.booktio.org\/en\/wp-json\/wp\/v2\/product_cat?post=4050"},{"taxonomy":"product_tag","embeddable":true,"href":"https:\/\/www.booktio.org\/en\/wp-json\/wp\/v2\/product_tag?post=4050"}],"curies":[{"name":"wp","href":"https:\/\/api.w.org\/{rel}","templated":true}]}}