{"id":4048,"date":"2023-05-14T22:40:32","date_gmt":"2023-05-14T15:40:32","guid":{"rendered":"https:\/\/www.booktio.org\/product\/truoc-vong-chung-ket\/"},"modified":"2023-05-14T22:40:32","modified_gmt":"2023-05-14T15:40:32","slug":"truoc-vong-chung-ket","status":"publish","type":"product","link":"https:\/\/www.booktio.org\/en\/product\/truoc-vong-chung-ket\/","title":{"rendered":"Tr\u01b0\u1edbc v\u00f2ng chung k\u1ebft"},"content":{"rendered":"<p>Tr\u00e0n ng\u1eadp kh\u00f4ng kh\u00ed b\u00f3ng \u0111\u00e1, kh\u00f4ng kh\u00ed v\u1ec9a h\u00e8\u2026 \u0111\u1eadm m\u00f9i h\u00e0o hi\u1ec7p, th\u01b0\u1ee3ng v\u00f5. L\u1ebd d\u0129 nhi\u00ean nh\u01b0 cu\u1ed9c \u0111\u1eddi, c\u00f3 \u0111\u00e2u \u0111\u00f3 nh\u1eefng m\u01b0u toan nh\u1ecf nhen, nh\u1eefng tr\u00f2 ch\u01a1i b\u1ea9n\u2026 kh\u00f4ng \u0111\u00e1ng m\u1eb7t anh h\u00e0o. Nh\u01b0ng\u2026. (ch\u1eef nh\u01b0ng d\u00e0nh cho s\u1ef1 kh\u00e1m ph\u00e1 c\u1ee7a c\u00e1c b\u1ea1n)<\/p>\n<p>\u201cCh\u01b0a t\u1edbi ba gi\u1edd chi\u1ec1u, tr\u1eddi c\u00f2n n\u1eafng chang chang, c\u00e1c c\u1ea7u th\u1ee7 c\u1ee7a hai \u0111\u1ed9i \u201cM\u0169i t\u00ean v\u00e0ng\u201d v\u00e0 \u201cS\u01b0 t\u1eed\u201d \u0111\u00e3 t\u1edbi ng\u1ed3i ch\u1ea7u r\u00eca c\u1ea1nh s\u00e2n b\u00f3ng ph\u01b0\u1eddng 2, ch\u1edd t\u1edbi l\u01b0\u1ee3t m\u00ecnh. Th\u1eddi gian g\u1ea7n \u0111\u00e2y nh\u1edd s\u1ef1 can thi\u1ec7p c\u1ee7a anh Long, c\u00e1c c\u1ea7u th\u1ee7 h\u00e8 ph\u1ed1 n\u00e0y \u0111\u00e3 \u0111\u01b0\u1ee3c x\u1ebfp l\u1ecbch t\u1eadp d\u01b0\u1ee3t t\u1ea1i s\u00e2n b\u00f3ng \u201cng\u01b0\u1eddi l\u1edbn\u201d t\u1eeb ba \u0111\u1ebfn n\u0103m gi\u1edd chi\u1ec1u trong c\u00e1c ng\u00e0y th\u1ee9 hai v\u00e0 th\u1ee9 s\u00e1u m\u1ed7i tu\u1ea7n.<\/p>\n<p>C\u00f2n chi\u1ec1u th\u1ee9 n\u0103m th\u00ec tu\u1ef3 theo t\u00ecnh h\u00ecnh s\u00e2n b\u00e3i, c\u00e1c ch\u00fa nh\u00f3c c\u00f3 th\u1ec3 \u0111\u01b0\u1ee3c s\u1eafp x\u1ebfp \u0111\u00e1 \u201ck\u00e9\u201d v\u00e0o gi\u1eefa hai c\u1eef d\u01b0\u1ee3t c\u1ee7a c\u00e1c \u0111\u1ed9i b\u00f3ng thanh ni\u00ean. Nh\u1eefng n\u1ea1n nh\u00e2n \u0111au kh\u1ed5 c\u01b0 ng\u1ee5 hai b\u00ean c\u1eeda h\u00e0ng b\u00e1ch h\u00f3a tho\u1ea1t \u0111\u1ea7u kh\u00f4ng hi\u1ec3u s\u1ef1 t\u00ecnh l\u00e0m cho m\u00e0 \u201cl\u0169 ti\u00eau y\u00eau\u201d bi\u1ebfn m\u1ea5t \u0111\u1ed9t ng\u1ed9t nh\u01b0 v\u1eady v\u00e0 sau \u0111\u00f3 d\u0129 nhi\u00ean l\u00e0 h\u1ecd r\u1ea5t th\u00edch th\u00fa khi bi\u1ebft \u0110o\u00e0n thanh ni\u00ean ph\u01b0\u1eddng \u0111\u00e3 gi\u1ea3i quy\u1ebft \u0111\u01b0\u1ee3c t\u1ee5 \u0111i\u1ec3m sinh ho\u1ea1t cho c\u00e1c ch\u00fa b\u00e9 hi\u1ebfu \u0111\u1ed9ng.<\/p>","protected":false},"excerpt":{"rendered":"<p>Tr\u00e0n ng\u1eadp kh\u00f4ng kh\u00ed b\u00f3ng \u0111\u00e1, kh\u00f4ng kh\u00ed v\u1ec9a h\u00e8\u2026 \u0111\u1eadm m\u00f9i h\u00e0o hi\u1ec7p, th\u01b0\u1ee3ng v\u00f5. L\u1ebd d\u0129 nhi\u00ean nh\u01b0<\/p>","protected":false},"featured_media":4047,"comment_status":"open","ping_status":"closed","template":"","meta":{"site-sidebar-layout":"default","site-content-layout":"","ast-site-content-layout":"","site-content-style":"default","site-sidebar-style":"default","ast-global-header-display":"","ast-banner-title-visibility":"","ast-main-header-display":"","ast-hfb-above-header-display":"","ast-hfb-below-header-display":"","ast-hfb-mobile-header-display":"","site-post-title":"","ast-breadcrumbs-content":"","ast-featured-img":"","footer-sml-layout":"","theme-transparent-header-meta":"","adv-header-id-meta":"","stick-header-meta":"","header-above-stick-meta":"","header-main-stick-meta":"","header-below-stick-meta":"","astra-migrate-meta-layouts":""},"product_cat":[39,40],"product_tag":[41,36],"class_list":["post-4048","product","type-product","status-publish","has-post-thumbnail","hentry","product_cat-children","product_cat-fiction","product_tag-children","product_tag-fiction","desktop-align-center","tablet-align-center","mobile-align-center","ast-product-gallery-layout-horizontal-slider","ast-product-gallery-with-no-image","ast-magnify-disabled","ast-product-tabs-layout-accordion"],"aioseo_notices":[],"_links":{"self":[{"href":"https:\/\/www.booktio.org\/en\/wp-json\/wp\/v2\/product\/4048","targetHints":{"allow":["GET"]}}],"collection":[{"href":"https:\/\/www.booktio.org\/en\/wp-json\/wp\/v2\/product"}],"about":[{"href":"https:\/\/www.booktio.org\/en\/wp-json\/wp\/v2\/types\/product"}],"replies":[{"embeddable":true,"href":"https:\/\/www.booktio.org\/en\/wp-json\/wp\/v2\/comments?post=4048"}],"version-history":[{"count":0,"href":"https:\/\/www.booktio.org\/en\/wp-json\/wp\/v2\/product\/4048\/revisions"}],"wp:featuredmedia":[{"embeddable":true,"href":"https:\/\/www.booktio.org\/en\/wp-json\/wp\/v2\/media\/4047"}],"wp:attachment":[{"href":"https:\/\/www.booktio.org\/en\/wp-json\/wp\/v2\/media?parent=4048"}],"wp:term":[{"taxonomy":"product_cat","embeddable":true,"href":"https:\/\/www.booktio.org\/en\/wp-json\/wp\/v2\/product_cat?post=4048"},{"taxonomy":"product_tag","embeddable":true,"href":"https:\/\/www.booktio.org\/en\/wp-json\/wp\/v2\/product_tag?post=4048"}],"curies":[{"name":"wp","href":"https:\/\/api.w.org\/{rel}","templated":true}]}}