{"id":4026,"date":"2023-05-14T22:40:13","date_gmt":"2023-05-14T15:40:13","guid":{"rendered":"https:\/\/www.booktio.org\/product\/toi-tuong-lai-the-gioi-2\/"},"modified":"2023-05-14T22:40:13","modified_gmt":"2023-05-14T15:40:13","slug":"toi-tuong-lai-the-gioi-2","status":"publish","type":"product","link":"https:\/\/www.booktio.org\/en\/product\/toi-tuong-lai-the-gioi-2\/","title":{"rendered":"T\u00f4i, T\u01b0\u01a1ng lai &#038; Th\u1ebf gi\u1edbi"},"content":{"rendered":"","protected":false},"excerpt":{"rendered":"<p>T\u00f4i, T\u01b0\u01a1ng lai &#038; Th\u1ebf gi\u1edbi ra \u0111\u1eddi \u0111\u00fang v\u00e0o th\u1eddi \u0111i\u1ec3m c\u1ea7n thi\u1ebft nh\u1ea5t \u0111\u1ed1i v\u1edbi Vi\u1ec7t Nam. M\u00f4i tr\u01b0\u1eddng s\u1ed1ng c\u1ee7a ch\u00fang ta, k\u1ec3 c\u1ea3 \u1edf Vi\u1ec7t Nam \u0111ang thay \u0111\u1ed5i \u1edf m\u1ed9t t\u1ed1c \u0111\u1ed9 ch\u01b0a t\u1eebng c\u00f3 do C\u00e1ch m\u1ea1ng c\u00f4ng nghi\u1ec7p 4.0 \u0111em l\u1ea1i. Trong s\u1ef1 thay \u0111\u1ed5i \u1ea5y, lu\u1eadt ti\u1ebfn h\u00f3a c\u1ee7a v\u1ea1n v\u1eadt s\u1ebd l\u00e0 t\u1ea5m l\u01b0\u1edbi ch\u1ecdn l\u1ecdc nh\u1eefng ai t\u1ed3n t\u1ea1i. \u0110\u00f3 kh\u00f4ng ph\u1ea3i ng\u01b0\u1eddi th\u00f4ng minh nh\u1ea5t, c\u0169ng kh\u00f4ng ph\u1ea3i ng\u01b0\u1eddi m\u1ea1nh nh\u1ea5t hay nhanh nh\u1ea5t m\u00e0 l\u00e0 ng\u01b0\u1eddi c\u00f3 kh\u1ea3 n\u0103ng th\u00edch nghi cao nh\u1ea5t.<br \/>\nQua nh\u1eefng tr\u1ea3i nghi\u1ec7m trong cu\u1ed9c s\u1ed1ng, t\u00e1c gi\u1ea3 Nguy\u1ec5n Phi V\u00e2n gi\u00fap ng\u01b0\u1eddi \u0111\u1ecdc v\u01b0\u1ee3t th\u1eddi gian v\u00e0 kh\u00f4ng gian \u0111\u1ec3 c\u00f3 m\u1ed9t c\u1ea3m nh\u1eadn cho nh\u1eefng thay \u0111\u1ed5i h\u1eb1ng ng\u00e0y trong cu\u1ed9c s\u1ed1ng t\u01b0\u01a1ng lai m\u00e0 ng\u01b0\u1eddi \u0111\u1ecdc c\u00f3 th\u1ec3 kh\u00f4ng t\u01b0\u1edfng t\u01b0\u1ee3ng \u0111\u01b0\u1ee3c, v\u00e0 t\u1eeb \u0111\u00f3 r\u00fat ra nh\u1eefng kinh nghi\u1ec7m s\u1ed1ng v\u00e0 nh\u1eefng b\u00e0i h\u1ecdc qu\u00fd gi\u00e1 m\u00e0 ch\u00fang ta c\u1ea7n ph\u1ea3i chu\u1ea9n b\u1ecb \u0111\u1ec3 kh\u00f4ng b\u1ecb \u0111\u00e0o th\u1ea3i b\u1edfi lu\u1eadt ti\u1ebfn h\u00f3a.<\/p>\n<p>Nh\u01b0 nh\u00e0 khoa h\u1ecdc gia, ch\u00ednh tr\u1ecb gia Benjamin Franklin t\u1eebng n\u00f3i: \u201cTh\u1ea5t b\u1ea1i trong chu\u1ea9n b\u1ecb, b\u1ea1n \u0111ang chu\u1ea9n b\u1ecb cho s\u1ef1 th\u1ea5t b\u1ea1i\u201d. T\u00f4i, T\u01b0\u01a1ng lai &#038; Th\u1ebf gi\u1edbi n\u00ean l\u00e0 cu\u1ed1n s\u00e1ch \u0111\u1ea7u gi\u01b0\u1eddng cho c\u00e1c b\u1ea1n tr\u1ebb, c\u00e1c nh\u00e0 gi\u00e1o d\u1ee5c, k\u1ec3 c\u1ea3 nh\u1eefng nh\u00e0 kh\u1edfi nghi\u1ec7p v\u00e0 nh\u1eefng ng\u01b0\u1eddi l\u00e0m ch\u00ednh s\u00e1ch \u0111\u1ec3 c\u00f3 s\u1ef1 chu\u1ea9n b\u1ecb v\u00e0 s\u1eb5n s\u00e0ng n\u1eafm b\u1eaft c\u01a1 h\u1ed9i khi c\u01a1n s\u00f3ng th\u1ea7n C\u00e1ch m\u1ea1ng c\u00f4ng nghi\u1ec7p 4.0 tr\u00e0n \u0111\u1ebfn.<\/p>","protected":false},"featured_media":1669,"comment_status":"open","ping_status":"closed","template":"","meta":{"site-sidebar-layout":"default","site-content-layout":"","ast-site-content-layout":"","site-content-style":"default","site-sidebar-style":"default","ast-global-header-display":"","ast-banner-title-visibility":"","ast-main-header-display":"","ast-hfb-above-header-display":"","ast-hfb-below-header-display":"","ast-hfb-mobile-header-display":"","site-post-title":"","ast-breadcrumbs-content":"","ast-featured-img":"","footer-sml-layout":"","theme-transparent-header-meta":"","adv-header-id-meta":"","stick-header-meta":"","header-above-stick-meta":"","header-main-stick-meta":"","header-below-stick-meta":"","astra-migrate-meta-layouts":""},"product_cat":[49,50,48],"product_tag":[27,52,51],"class_list":["post-4026","product","type-product","status-publish","has-post-thumbnail","hentry","product_cat-business","product_cat-education","product_cat-non-fiction","product_tag-business","product_tag-education","product_tag-non-fiction","desktop-align-center","tablet-align-center","mobile-align-center","ast-product-gallery-layout-horizontal-slider","ast-product-gallery-with-no-image","ast-magnify-disabled","ast-product-tabs-layout-accordion"],"aioseo_notices":[],"_links":{"self":[{"href":"https:\/\/www.booktio.org\/en\/wp-json\/wp\/v2\/product\/4026","targetHints":{"allow":["GET"]}}],"collection":[{"href":"https:\/\/www.booktio.org\/en\/wp-json\/wp\/v2\/product"}],"about":[{"href":"https:\/\/www.booktio.org\/en\/wp-json\/wp\/v2\/types\/product"}],"replies":[{"embeddable":true,"href":"https:\/\/www.booktio.org\/en\/wp-json\/wp\/v2\/comments?post=4026"}],"version-history":[{"count":0,"href":"https:\/\/www.booktio.org\/en\/wp-json\/wp\/v2\/product\/4026\/revisions"}],"wp:featuredmedia":[{"embeddable":true,"href":"https:\/\/www.booktio.org\/en\/wp-json\/wp\/v2\/media\/1669"}],"wp:attachment":[{"href":"https:\/\/www.booktio.org\/en\/wp-json\/wp\/v2\/media?parent=4026"}],"wp:term":[{"taxonomy":"product_cat","embeddable":true,"href":"https:\/\/www.booktio.org\/en\/wp-json\/wp\/v2\/product_cat?post=4026"},{"taxonomy":"product_tag","embeddable":true,"href":"https:\/\/www.booktio.org\/en\/wp-json\/wp\/v2\/product_tag?post=4026"}],"curies":[{"name":"wp","href":"https:\/\/api.w.org\/{rel}","templated":true}]}}