{"id":3852,"date":"2023-05-14T22:37:09","date_gmt":"2023-05-14T15:37:09","guid":{"rendered":"https:\/\/www.booktio.org\/product\/the-39-storey-treehouse\/"},"modified":"2023-05-14T22:37:09","modified_gmt":"2023-05-14T15:37:09","slug":"the-39-storey-treehouse","status":"publish","type":"product","link":"https:\/\/www.booktio.org\/en\/product\/the-39-storey-treehouse\/","title":{"rendered":"The 39-Storey Treehouse"},"content":{"rendered":"<p>Bienvenue dans la cabane d&#8217;Andy et de Terry !<br \/>\nLe bassin de requins mangeurs d&#8217;hommes, le bowling et la machine qui t&#8217;envoie un chamallow dans la bouche, sont toujours l\u00e0. Mais la cabane s&#8217;est encore agrandie. Dans les nouveaux \u00e9tages, il y a un trampoline, une fontaine \u00e0 chocolat, une maison de l&#8217;horreur, des montagnes russes, et m\u00eame un \u00e9l\u00e9phant boxeur&#8230;<br \/>\nPas facile de travailler dans un endroit pareil !<br \/>\nPourtant, Andy \u00e9crit et Terry dessine.<br \/>\nLa preuve ? Ouvre ce livre !<\/p>","protected":false},"excerpt":{"rendered":"<p>Bienvenue dans la cabane d&#8217;Andy et de Terry !<\/p>","protected":false},"featured_media":3851,"comment_status":"open","ping_status":"closed","template":"","meta":{"site-sidebar-layout":"default","site-content-layout":"","ast-site-content-layout":"","site-content-style":"default","site-sidebar-style":"default","ast-global-header-display":"","ast-banner-title-visibility":"","ast-main-header-display":"","ast-hfb-above-header-display":"","ast-hfb-below-header-display":"","ast-hfb-mobile-header-display":"","site-post-title":"","ast-breadcrumbs-content":"","ast-featured-img":"","footer-sml-layout":"","theme-transparent-header-meta":"","adv-header-id-meta":"","stick-header-meta":"","header-above-stick-meta":"","header-main-stick-meta":"","header-below-stick-meta":"","astra-migrate-meta-layouts":""},"product_cat":[42,39,33,40],"product_tag":[44,41,34,36],"class_list":["post-3852","product","type-product","status-publish","has-post-thumbnail","hentry","product_cat-adventure","product_cat-children","product_cat-comedy","product_cat-fiction","product_tag-adventure","product_tag-children","product_tag-comedy","product_tag-fiction","desktop-align-center","tablet-align-center","mobile-align-center","ast-product-gallery-layout-horizontal-slider","ast-product-gallery-with-no-image","ast-magnify-disabled","ast-product-tabs-layout-accordion"],"aioseo_notices":[],"_links":{"self":[{"href":"https:\/\/www.booktio.org\/en\/wp-json\/wp\/v2\/product\/3852","targetHints":{"allow":["GET"]}}],"collection":[{"href":"https:\/\/www.booktio.org\/en\/wp-json\/wp\/v2\/product"}],"about":[{"href":"https:\/\/www.booktio.org\/en\/wp-json\/wp\/v2\/types\/product"}],"replies":[{"embeddable":true,"href":"https:\/\/www.booktio.org\/en\/wp-json\/wp\/v2\/comments?post=3852"}],"version-history":[{"count":0,"href":"https:\/\/www.booktio.org\/en\/wp-json\/wp\/v2\/product\/3852\/revisions"}],"wp:featuredmedia":[{"embeddable":true,"href":"https:\/\/www.booktio.org\/en\/wp-json\/wp\/v2\/media\/3851"}],"wp:attachment":[{"href":"https:\/\/www.booktio.org\/en\/wp-json\/wp\/v2\/media?parent=3852"}],"wp:term":[{"taxonomy":"product_cat","embeddable":true,"href":"https:\/\/www.booktio.org\/en\/wp-json\/wp\/v2\/product_cat?post=3852"},{"taxonomy":"product_tag","embeddable":true,"href":"https:\/\/www.booktio.org\/en\/wp-json\/wp\/v2\/product_tag?post=3852"}],"curies":[{"name":"wp","href":"https:\/\/api.w.org\/{rel}","templated":true}]}}