{"id":3708,"date":"2023-05-14T22:34:45","date_gmt":"2023-05-14T15:34:45","guid":{"rendered":"https:\/\/www.booktio.org\/product\/pokemon-charizard-go\/"},"modified":"2023-05-14T22:34:45","modified_gmt":"2023-05-14T15:34:45","slug":"pokemon-charizard-go","status":"publish","type":"product","link":"https:\/\/www.booktio.org\/en\/product\/pokemon-charizard-go\/","title":{"rendered":"Pokemon &#8211; Charizard Go!"},"content":{"rendered":"<p>The crowd cheered for Ash Ketchum. The ten-year-old Pok\u00e9mon trainer squinted into the bright stadium lights. Fans waved and held up signs with his name on them.<br \/>\nAsh wanted to pinch himself. It all felt like a dream. He had worked so hard to get here \u2014 to the Pok\u00e9mon League championships on the Indigo Plateau. He just had to win this battle and his dream would come true. Ash would finally become a member of the Pok\u00e9mon League.<br \/>\nThe Pok\u00e9mon League. Every Pok\u00e9mon trainer wanted to become a member. To become a Pok\u00e9mon Master, you had to catch one of each kind of Pok\u00e9mon in the world. And you had to be a member of the Pok\u00e9mon League.<br \/>\nGetting into the league wasn\u2019t easy. First, you had to battle eight Gym Leaders and earn a badge from each of their gyms. Then you had to compete against six other trainers at the Annual Pok\u00e9mon League Tournament, and beat them all.<\/p>","protected":false},"excerpt":{"rendered":"<p>The crowd cheered for Ash Ketchum. The ten-year-old Pok\u00e9mon trainer squinted into the bright<\/p>","protected":false},"featured_media":3707,"comment_status":"open","ping_status":"closed","template":"","meta":{"site-sidebar-layout":"default","site-content-layout":"","ast-site-content-layout":"","site-content-style":"default","site-sidebar-style":"default","ast-global-header-display":"","ast-banner-title-visibility":"","ast-main-header-display":"","ast-hfb-above-header-display":"","ast-hfb-below-header-display":"","ast-hfb-mobile-header-display":"","site-post-title":"","ast-breadcrumbs-content":"","ast-featured-img":"","footer-sml-layout":"","theme-transparent-header-meta":"","adv-header-id-meta":"","stick-header-meta":"","header-above-stick-meta":"","header-main-stick-meta":"","header-below-stick-meta":"","astra-migrate-meta-layouts":""},"product_cat":[39,61,40,69],"product_tag":[41,62,36,70],"class_list":["post-3708","product","type-product","status-publish","has-post-thumbnail","hentry","product_cat-children","product_cat-fantasy","product_cat-fiction","product_cat-young-adult","product_tag-children","product_tag-fantasy","product_tag-fiction","product_tag-young-adult","desktop-align-center","tablet-align-center","mobile-align-center","ast-product-gallery-layout-horizontal-slider","ast-product-gallery-with-no-image","ast-magnify-disabled","ast-product-tabs-layout-accordion"],"aioseo_notices":[],"_links":{"self":[{"href":"https:\/\/www.booktio.org\/en\/wp-json\/wp\/v2\/product\/3708","targetHints":{"allow":["GET"]}}],"collection":[{"href":"https:\/\/www.booktio.org\/en\/wp-json\/wp\/v2\/product"}],"about":[{"href":"https:\/\/www.booktio.org\/en\/wp-json\/wp\/v2\/types\/product"}],"replies":[{"embeddable":true,"href":"https:\/\/www.booktio.org\/en\/wp-json\/wp\/v2\/comments?post=3708"}],"version-history":[{"count":0,"href":"https:\/\/www.booktio.org\/en\/wp-json\/wp\/v2\/product\/3708\/revisions"}],"wp:featuredmedia":[{"embeddable":true,"href":"https:\/\/www.booktio.org\/en\/wp-json\/wp\/v2\/media\/3707"}],"wp:attachment":[{"href":"https:\/\/www.booktio.org\/en\/wp-json\/wp\/v2\/media?parent=3708"}],"wp:term":[{"taxonomy":"product_cat","embeddable":true,"href":"https:\/\/www.booktio.org\/en\/wp-json\/wp\/v2\/product_cat?post=3708"},{"taxonomy":"product_tag","embeddable":true,"href":"https:\/\/www.booktio.org\/en\/wp-json\/wp\/v2\/product_tag?post=3708"}],"curies":[{"name":"wp","href":"https:\/\/api.w.org\/{rel}","templated":true}]}}