{"id":3647,"date":"2023-05-14T22:33:51","date_gmt":"2023-05-14T15:33:51","guid":{"rendered":"https:\/\/www.booktio.org\/product\/nha-gia-kim\/"},"modified":"2023-05-14T22:33:51","modified_gmt":"2023-05-14T15:33:51","slug":"nha-gia-kim","status":"publish","type":"product","link":"https:\/\/www.booktio.org\/en\/product\/nha-gia-kim\/","title":{"rendered":"Nh\u00e0 Gi\u1ea3 Kim"},"content":{"rendered":"<p>T\u1ea5t c\u1ea3 nh\u1eefng tr\u1ea3i nghi\u1ec7m trong chuy\u1ebfn phi\u00eau du theo \u0111u\u1ed5i v\u1eadn m\u1ec7nh c\u1ee7a m\u00ecnh \u0111\u00e3 gi\u00fap Santiago th\u1ea5u hi\u1ec3u \u0111\u01b0\u1ee3c \u00fd ngh\u0129a s\u00e2u xa nh\u1ea5t c\u1ee7a h\u1ea1nh ph\u00fac, h\u00f2a h\u1ee3p v\u1edbi v\u0169 tr\u1ee5 v\u00e0 con ng\u01b0\u1eddi.<\/p>\n<p>Ti\u1ec3u thuy\u1ebft Nh\u00e0 gi\u1ea3 kim c\u1ee7a Paulo Coelho nh\u01b0 m\u1ed9t c\u00e2u chuy\u1ec7n c\u1ed5 t\u00edch gi\u1ea3n d\u1ecb, nh\u00e2n \u00e1i, gi\u00e0u ch\u1ea5t th\u01a1, th\u1ea5m \u0111\u1eabm nh\u1eefng minh tri\u1ebft huy\u1ec1n b\u00ed c\u1ee7a ph\u01b0\u01a1ng \u0110\u00f4ng. Trong l\u1ea7n xu\u1ea5t b\u1ea3n \u0111\u1ea7u ti\u00ean t\u1ea1i Brazil v\u00e0o n\u0103m 1988, s\u00e1ch ch\u1ec9 b\u00e1n \u0111\u01b0\u1ee3c 900 b\u1ea3n. Nh\u01b0ng, v\u1edbi s\u1ed1 ph\u1eadn \u0111\u1eb7c bi\u1ec7t c\u1ee7a cu\u1ed1n s\u00e1ch d\u00e0nh cho to\u00e0n nh\u00e2n lo\u1ea1i, v\u01b0\u1ee3t ra ngo\u00e0i bi\u00ean gi\u1edbi qu\u1ed1c gia, Nh\u00e0 gi\u1ea3 kim \u0111\u00e3 l\u00e0m rung \u0111\u1ed9ng h\u00e0ng tri\u1ec7u t\u00e2m h\u1ed3n, tr\u1edf th\u00e0nh m\u1ed9t trong nh\u1eefng cu\u1ed1n s\u00e1ch b\u00e1n ch\u1ea1y nh\u1ea5t m\u1ecdi th\u1eddi \u0111\u1ea1i, v\u00e0 c\u00f3 th\u1ec3 l\u00e0m thay \u0111\u1ed5i cu\u1ed9c \u0111\u1eddi ng\u01b0\u1eddi \u0111\u1ecdc.<\/p>\n<p>\u201cNh\u01b0ng nh\u00e0 luy\u1ec7n kim \u0111an kh\u00f4ng quan t\u00e2m m\u1ea5y \u0111\u1ebfn nh\u1eefng \u0111i\u1ec1u \u1ea5y. \u00d4ng \u0111\u00e3 t\u1eebng th\u1ea5y nhi\u1ec1u ng\u01b0\u1eddi \u0111\u1ebfn r\u1ed3i \u0111i, trong khi \u1ed1c \u0111\u1ea3o v\u00e0 sa m\u1ea1c v\u1eabn l\u00e0 \u1ed1c \u0111\u1ea3o v\u00e0 sa m\u1ea1c. \u00d4ng \u0111\u00e3 th\u1ea5y vua ch\u00faa v\u00e0 k\u1ebb \u0103n xin \u0111i qua bi\u1ec3n c\u00e1t n\u00e0y, c\u00e1i bi\u1ec3n c\u00e1t th\u01b0\u1eddng xuy\u00ean thay h\u00ecnh \u0111\u1ed5i d\u1ea1ng v\u00ec gi\u00f3 th\u1ed5i nh\u01b0ng v\u1eabn m\u00e3i m\u00e3i l\u00e0 bi\u1ec3n c\u00e1t m\u00e0 \u00f4ng \u0111\u00e3 bi\u1ebft t\u1eeb thu\u1edf nh\u1ecf. Tuy v\u1eady, t\u1ef1 \u0111\u00e1y l\u00f2ng m\u00ecnh, \u00f4ng kh\u00f4ng th\u1ec3 kh\u00f4ng c\u1ea3m th\u1ea5y vui tr\u01b0\u1edbc h\u1ea1nh ph\u00fac c\u1ee7a m\u1ed7i ng\u01b0\u1eddi l\u1eef kh\u00e1ch, sau bao ng\u00e0y ch\u1ec9 c\u00f3 c\u00e1t v\u00e0ng v\u1edbi tr\u1eddi xanh nay \u0111\u01b0\u1ee3c th\u1ea5y ch\u00e0 l\u00e0 xanh t\u01b0\u01a1i hi\u1ec7n ra tr\u01b0\u1edbc m\u1eaft. \u2018C\u00f3 th\u1ec3 Th\u01b0\u1ee3ng \u0111\u1ebf t\u1ea1o ra sa m\u1ea1c ch\u1ec9 \u0111\u1ec3 cho con ng\u01b0\u1eddi bi\u1ebft qu\u00fd tr\u1ecdng c\u00e2y ch\u00e0 l\u00e0,\u2019 \u00f4ng ngh\u0129.\u201d<\/p>","protected":false},"excerpt":{"rendered":"<p>T\u1ea5t c\u1ea3 nh\u1eefng tr\u1ea3i nghi\u1ec7m trong chuy\u1ebfn phi\u00eau du theo \u0111u\u1ed5i v\u1eadn m\u1ec7nh c\u1ee7a m\u00ecnh \u0111\u00e3 gi\u00fap Santiago<\/p>","protected":false},"featured_media":3646,"comment_status":"open","ping_status":"closed","template":"","meta":{"site-sidebar-layout":"default","site-content-layout":"","ast-site-content-layout":"","site-content-style":"default","site-sidebar-style":"default","ast-global-header-display":"","ast-banner-title-visibility":"","ast-main-header-display":"","ast-hfb-above-header-display":"","ast-hfb-below-header-display":"","ast-hfb-mobile-header-display":"","site-post-title":"","ast-breadcrumbs-content":"","ast-featured-img":"","footer-sml-layout":"","theme-transparent-header-meta":"","adv-header-id-meta":"","stick-header-meta":"","header-above-stick-meta":"","header-main-stick-meta":"","header-below-stick-meta":"","astra-migrate-meta-layouts":""},"product_cat":[15],"product_tag":[44,41,60,62,36],"class_list":["post-3647","product","type-product","status-publish","has-post-thumbnail","hentry","product_cat-uncategorized","product_tag-adventure","product_tag-children","product_tag-classics","product_tag-fantasy","product_tag-fiction","desktop-align-center","tablet-align-center","mobile-align-center","ast-product-gallery-layout-horizontal-slider","ast-product-gallery-with-no-image","ast-magnify-disabled","ast-product-tabs-layout-accordion"],"aioseo_notices":[],"_links":{"self":[{"href":"https:\/\/www.booktio.org\/en\/wp-json\/wp\/v2\/product\/3647","targetHints":{"allow":["GET"]}}],"collection":[{"href":"https:\/\/www.booktio.org\/en\/wp-json\/wp\/v2\/product"}],"about":[{"href":"https:\/\/www.booktio.org\/en\/wp-json\/wp\/v2\/types\/product"}],"replies":[{"embeddable":true,"href":"https:\/\/www.booktio.org\/en\/wp-json\/wp\/v2\/comments?post=3647"}],"version-history":[{"count":0,"href":"https:\/\/www.booktio.org\/en\/wp-json\/wp\/v2\/product\/3647\/revisions"}],"wp:featuredmedia":[{"embeddable":true,"href":"https:\/\/www.booktio.org\/en\/wp-json\/wp\/v2\/media\/3646"}],"wp:attachment":[{"href":"https:\/\/www.booktio.org\/en\/wp-json\/wp\/v2\/media?parent=3647"}],"wp:term":[{"taxonomy":"product_cat","embeddable":true,"href":"https:\/\/www.booktio.org\/en\/wp-json\/wp\/v2\/product_cat?post=3647"},{"taxonomy":"product_tag","embeddable":true,"href":"https:\/\/www.booktio.org\/en\/wp-json\/wp\/v2\/product_tag?post=3647"}],"curies":[{"name":"wp","href":"https:\/\/api.w.org\/{rel}","templated":true}]}}