{"id":3531,"date":"2023-05-14T22:32:09","date_gmt":"2023-05-14T15:32:09","guid":{"rendered":"https:\/\/www.booktio.org\/product\/leng-keng-nao-minh-cung-dem-tien-2\/"},"modified":"2023-05-14T22:32:09","modified_gmt":"2023-05-14T15:32:09","slug":"leng-keng-nao-minh-cung-dem-tien-2","status":"publish","type":"product","link":"https:\/\/www.booktio.org\/en\/product\/leng-keng-nao-minh-cung-dem-tien-2\/","title":{"rendered":"Leng keng! N\u00e0o m\u00ecnh c\u00f9ng \u0111\u1ebfm ti\u1ec1n"},"content":{"rendered":"<p>M\u1ecdi ng\u01b0\u1eddi \u0111\u1ec1u mu\u1ed1n th\u00e0nh c\u00f4ng. Nh\u01b0ng kh\u00f4ng nh\u01b0 ta l\u1ea7m t\u01b0\u1edfng, nh\u1eefng ng\u01b0\u1eddi quy\u1ebft t\u00e2m v\u00e0 n\u1ed7 l\u1ef1c l\u00e0m vi\u1ec7c \u0111\u1ec3 th\u00e0nh c\u00f4ng, nh\u1eefng ng\u01b0\u1eddi s\u1eb5n l\u00f2ng h\u1ecdc h\u1ecfi v\u00e0 \u00e1p d\u1ee5ng kinh nghi\u1ec7m c\u1ee7a ng\u01b0\u1eddi gi\u1ecfi h\u01a1n kh\u00f4ng nhi\u1ec1u. V\u00e0 nh\u1eefng ng\u01b0\u1eddi c\u00f3 \u0111\u1ee7 \u0111am m\u00ea v\u1edbi c\u00f4ng vi\u1ec7c v\u00e0 bi\u1ebfn n\u00f3 tr\u1edf th\u00e0nh ph\u01b0\u01a1ng ti\u1ec7n \u0111\u1ec3 s\u1ed1ng sung t\u00fac v\u00e0 h\u1ea1nh ph\u00fac c\u00f2n \u00edt h\u01a1n.<\/p>\n<p>D\u01b0\u1eddng nh\u01b0 nh\u1eefng ng\u01b0\u1eddi b\u01b0\u1edbc v\u00e0o con \u0111\u01b0\u1eddng kinh doanh hay \u0111\u1ea3m nhi\u1ec7m m\u1ed9t v\u1ecb tr\u00ed n\u00e0o \u0111\u00f3 v\u00ec m\u1ee5c \u0111\u00edch ti\u1ec1n b\u1ea1c m\u00e0 kh\u00f4ng \u0111am m\u00ea c\u00f4ng vi\u1ec7c kh\u00f4ng \u0111\u1ea1t \u0111\u01b0\u1ee3c \u0111i\u1ec1u h\u1ecd mu\u1ed1n. S\u1ef1 ham mu\u1ed1n ti\u1ec1n t\u00e0i \u1edf nhi\u1ec1u ng\u01b0\u1eddi v\u01b0\u1ee3t qua ni\u1ec1m say m\u00ea c\u00f4ng vi\u1ec7c. V\u00e0 khi ti\u1ec1n b\u1ea1c kh\u00f4ng th\u1ec3 sinh s\u00f4i, h\u1ecd b\u1ecf cu\u1ed9c. H\u1ecd th\u01b0\u1eddng b\u1ecf l\u1ee1 nh\u1eefng th\u1ee9 c\u00f3 th\u1ec3 m\u1edf c\u00e1nh c\u1eeda th\u00e0nh c\u00f4ng n\u1ebfu h\u1ecd c\u00f3 \u0111\u1ee7 t\u00ecnh y\u00eau \u0111\u1ec3 duy tr\u00ec.<\/p>\n<p>Gi\u00e1 s\u1ea3n ph\u1ea9m tr\u00ean Tiki \u0111\u00e3 bao g\u1ed3m thu\u1ebf theo lu\u1eadt hi\u1ec7n h\u00e0nh. B\u00ean c\u1ea1nh \u0111\u00f3, tu\u1ef3 v\u00e0o lo\u1ea1i s\u1ea3n ph\u1ea9m, h\u00ecnh th\u1ee9c v\u00e0 \u0111\u1ecba ch\u1ec9 giao h\u00e0ng m\u00e0 c\u00f3 th\u1ec3 ph\u00e1t sinh th\u00eam chi ph\u00ed kh\u00e1c nh\u01b0 ph\u00ed v\u1eadn chuy\u1ec3n, ph\u1ee5 ph\u00ed h\u00e0ng c\u1ed3ng k\u1ec1nh, thu\u1ebf nh\u1eadp kh\u1ea9u (\u0111\u1ed1i v\u1edbi \u0111\u01a1n h\u00e0ng giao t\u1eeb n\u01b0\u1edbc ngo\u00e0i c\u00f3 gi\u00e1 tr\u1ecb tr\u00ean 1 tri\u1ec7u \u0111\u1ed3ng)&#8230;..<\/p>","protected":false},"excerpt":{"rendered":"<p>M\u1ecdi ng\u01b0\u1eddi \u0111\u1ec1u mu\u1ed1n th\u00e0nh c\u00f4ng. Nh\u01b0ng kh\u00f4ng nh\u01b0 ta l\u1ea7m t\u01b0\u1edfng, nh\u1eefng ng\u01b0\u1eddi quy\u1ebft t\u00e2m v\u00e0 n\u1ed7 l\u1ef1c l\u00e0m vi\u1ec7c \u0111\u1ec3 th\u00e0nh c\u00f4ng, nh\u1eefng ng\u01b0\u1eddi s\u1eb5n l\u00f2ng h\u1ecdc h\u1ecfi v\u00e0 \u00e1p d\u1ee5ng kinh nghi\u1ec7m c\u1ee7a ng\u01b0\u1eddi gi\u1ecfi h\u01a1n kh\u00f4ng nhi\u1ec1u. V\u00e0 nh\u1eefng ng\u01b0\u1eddi c\u00f3 \u0111\u1ee7 \u0111am m\u00ea v\u1edbi c\u00f4ng vi\u1ec7c v\u00e0 bi\u1ebfn n\u00f3 tr\u1edf th\u00e0nh ph\u01b0\u01a1ng ti\u1ec7n \u0111\u1ec3 s\u1ed1ng sung t\u00fac v\u00e0 h\u1ea1nh ph\u00fac c\u00f2n \u00edt h\u01a1n.<\/p>","protected":false},"featured_media":1699,"comment_status":"open","ping_status":"closed","template":"","meta":{"site-sidebar-layout":"default","site-content-layout":"","ast-site-content-layout":"","site-content-style":"default","site-sidebar-style":"default","ast-global-header-display":"","ast-banner-title-visibility":"","ast-main-header-display":"","ast-hfb-above-header-display":"","ast-hfb-below-header-display":"","ast-hfb-mobile-header-display":"","site-post-title":"","ast-breadcrumbs-content":"","ast-featured-img":"","footer-sml-layout":"","theme-transparent-header-meta":"","adv-header-id-meta":"","stick-header-meta":"","header-above-stick-meta":"","header-main-stick-meta":"","header-below-stick-meta":"","astra-migrate-meta-layouts":""},"product_cat":[50],"product_tag":[52],"class_list":["post-3531","product","type-product","status-publish","has-post-thumbnail","hentry","product_cat-education","product_tag-education","desktop-align-center","tablet-align-center","mobile-align-center","ast-product-gallery-layout-horizontal-slider","ast-product-gallery-with-no-image","ast-magnify-disabled","ast-product-tabs-layout-accordion"],"aioseo_notices":[],"_links":{"self":[{"href":"https:\/\/www.booktio.org\/en\/wp-json\/wp\/v2\/product\/3531","targetHints":{"allow":["GET"]}}],"collection":[{"href":"https:\/\/www.booktio.org\/en\/wp-json\/wp\/v2\/product"}],"about":[{"href":"https:\/\/www.booktio.org\/en\/wp-json\/wp\/v2\/types\/product"}],"replies":[{"embeddable":true,"href":"https:\/\/www.booktio.org\/en\/wp-json\/wp\/v2\/comments?post=3531"}],"version-history":[{"count":0,"href":"https:\/\/www.booktio.org\/en\/wp-json\/wp\/v2\/product\/3531\/revisions"}],"wp:featuredmedia":[{"embeddable":true,"href":"https:\/\/www.booktio.org\/en\/wp-json\/wp\/v2\/media\/1699"}],"wp:attachment":[{"href":"https:\/\/www.booktio.org\/en\/wp-json\/wp\/v2\/media?parent=3531"}],"wp:term":[{"taxonomy":"product_cat","embeddable":true,"href":"https:\/\/www.booktio.org\/en\/wp-json\/wp\/v2\/product_cat?post=3531"},{"taxonomy":"product_tag","embeddable":true,"href":"https:\/\/www.booktio.org\/en\/wp-json\/wp\/v2\/product_tag?post=3531"}],"curies":[{"name":"wp","href":"https:\/\/api.w.org\/{rel}","templated":true}]}}