{"id":3528,"date":"2023-05-14T22:32:07","date_gmt":"2023-05-14T15:32:07","guid":{"rendered":"https:\/\/www.booktio.org\/product\/lam-the-nao-de-giup-con-ban-tro-thanh-hoc-sinh-uu-tu-2\/"},"modified":"2023-05-14T22:32:07","modified_gmt":"2023-05-14T15:32:07","slug":"lam-the-nao-de-giup-con-ban-tro-thanh-hoc-sinh-uu-tu-2","status":"publish","type":"product","link":"https:\/\/www.booktio.org\/en\/product\/lam-the-nao-de-giup-con-ban-tro-thanh-hoc-sinh-uu-tu-2\/","title":{"rendered":"L\u00e0m th\u1ebf n\u00e0o \u0111\u1ec3 gi\u00fap con b\u1ea1n..."},"content":{"rendered":"<p>\u1ede M\u1ef9 c\u00f3 m\u1ed9t gia \u0111\u00ecnh, m\u1eb9 l\u00e0 ng\u01b0\u1eddi Nga, kh\u00f4ng bi\u1ebft ti\u1ebfng Anh, kh\u00f4ng hi\u1ec3u b\u00e0i t\u1eadp c\u1ee7a con trai. Nh\u01b0ng m\u1ed7i l\u1ea7n con trai mang b\u00e0i t\u1eadp v\u1ec1 nh\u00e0 cho m\u1eb9 xem, m\u1eb9 \u0111\u1ec1u n\u00f3i: \u201cGi\u1ecfi l\u1eafm!\u201d Sau \u0111\u00f3 c\u1ea9n th\u1eadn treo ch\u00fang l\u00ean b\u1ee9c t\u01b0\u1eddng trong ph\u00f2ng kh\u00e1ch.<br \/>\nKhi kh\u00e1ch \u0111\u1ebfn ch\u01a1i, m\u1eb9 t\u1ef1 h\u00e0o khoe: \u201cNh\u00ecn n\u00e0y, con trai t\u00f4i vi\u1ebft r\u1ea5t hay!\u201d Th\u1ef1c ra con trai vi\u1ebft kh\u00f4ng hay nh\u01b0ng kh\u00e1ch th\u1ea5y ch\u1ee7 nh\u00e0 n\u00f3i nh\u01b0 v\u1eady li\u1ec1n g\u1eadt \u0111\u1ea7u n\u00f3i: \u201cHay, hay, r\u1ea5t hay!\u201d<br \/>\nCon trai \u0111\u01b0\u1ee3c kh\u00edch l\u1ec7, th\u1ea7m ngh\u0129: \u201cNg\u00e0y mai m\u00ecnh ph\u1ea3i vi\u1ebft hay h\u01a1n h\u00f4m nay!\u201d V\u00e0 c\u1eadu c\u00e0ng ng\u00e0y c\u00e0ng l\u00e0m t\u1ed1t h\u01a1n, th\u00e0nh t\u00edch h\u1ecdc t\u1eadp c\u0169ng ng\u00e0y c\u00e0ng ti\u1ebfn b\u1ed9. V\u1ec1 sau c\u1eadu tr\u1edf th\u00e0nh m\u1ed9t h\u1ecdc sinh \u01b0u t\u00fa, tr\u1edf th\u00e0nh m\u1ed9t nh\u00e2n v\u1eadt ki\u1ec7t xu\u1ea5t.<br \/>\n\u0110\u00f3 ch\u00ednh l\u00e0 tr\u1ebb, b\u1ea1n n\u00f3i ch\u00fang \u0111\u01b0\u1ee3c th\u00ec ch\u00fang s\u1ebd l\u00e0m \u0111\u01b0\u1ee3c. B\u1ea1n n\u00f3i kh\u00f4ng \u0111\u01b0\u1ee3c th\u00ec ch\u00fang kh\u00f4ng l\u00e0m \u0111\u01b0\u1ee3c.<br \/>\nB\u1ea1n khen ng\u1ee3i ch\u00fang, ch\u00fang s\u1ebd cho b\u1ea1n r\u1ea5t nhi\u1ec1u \u0111i\u1ec1u ng\u1ea1c nhi\u00ean th\u00fa v\u1ecb. B\u1ea1n n\u00f3i ch\u00fang kh\u00f4ng b\u1eb1ng ng\u01b0\u1eddi kh\u00e1c, ch\u00fang s\u1ebd d\u00f9ng h\u00e0nh \u0111\u1ed9ng \u0111\u1ec3 ch\u1ee9ng minh m\u00ecnh r\u1ea5t ng\u1ed1c.<br \/>\nC\u00e2u chuy\u1ec7n nh\u1ecf tr\u00edch trong cu\u1ed1n s\u00e1ch L\u00e0m th\u1ebf n\u00e0o \u0111\u1ec3 gi\u00fap con b\u1ea1n tr\u1edf th\u00e0nh h\u1ecdc sinh \u01b0u t\u00fa c\u1ee7a \u0111\u1ed3ng t\u00e1c gi\u1ea3 D\u01b0\u01a1ng T\u00f4ng, L\u00fd Vinh Th\u1eafng, B\u1ea1ch Ng\u1ecdc Tr\u1ee5 n\u00f3i l\u00ean r\u1eb1ng khi c\u00f3 s\u1ef1 khuy\u1ebfn kh\u00edch t\u1eeb ng\u01b0\u1eddi l\u1edbn, tr\u1ebb s\u1ebd l\u00e0m \u0111\u01b0\u1ee3c nh\u1eefng \u0111i\u1ec1u r\u1ea5t tuy\u1ec7t v\u1eddi. B\u1ea1n khen ng\u1ee3i tr\u1ebb, v\u00e0 tr\u1ebb s\u1ebd cho b\u1ea1n r\u1ea5t nhi\u1ec1u \u0111i\u1ec1u ng\u1ea1c nhi\u00ean th\u00fa v\u1ecb. Khi b\u1ea1n n\u00f3i tr\u1ebb kh\u00f4ng b\u1eb1ng ng\u01b0\u1eddi kh\u00e1c, tr\u1ebb s\u1ebd h\u00e0nh \u0111\u1ed9ng \u0111\u1ec3 ch\u1ee9ng minh m\u00ecnh r\u1ea5t ng\u1ed1c.<br \/>\nCu\u1ed1n s\u00e1ch n\u00e0y s\u1ebd ch\u1ec9 ra cho c\u00e1c b\u1eadc ph\u1ee5 huynh c\u00e1c ph\u01b0\u01a1ng ph\u00e1p hi\u1ec7u qu\u1ea3 \u0111\u1ec3 con b\u1ea1n tr\u1edf th\u00e0nh h\u1ecdc sinh \u01b0u t\u00fa, c\u00f3 t\u1ed1 ch\u1ea5t, g\u01b0\u01a1ng m\u1eabu v\u00e0 \u0111i\u1ec3n h\u00ecnh t\u1ea1i tr\u01b0\u1eddng l\u1edbp n\u00f3i ri\u00eang v\u00e0 b\u00ean ngo\u00e0i x\u00e3 h\u1ed9i n\u00f3i chung.<\/p>","protected":false},"excerpt":{"rendered":"<p>\u1ede M\u1ef9 c\u00f3 m\u1ed9t gia \u0111\u00ecnh, m\u1eb9 l\u00e0 ng\u01b0\u1eddi Nga, kh\u00f4ng bi\u1ebft ti\u1ebfng Anh, kh\u00f4ng hi\u1ec3u b\u00e0i t\u1eadp c\u1ee7a con trai. Nh\u01b0ng m\u1ed7i l\u1ea7n con trai mang b\u00e0i t\u1eadp v\u1ec1 nh\u00e0 cho m\u1eb9 xem, m\u1eb9 \u0111\u1ec1u n\u00f3i: \u201cGi\u1ecfi l\u1eafm!\u201d Sau \u0111\u00f3 c\u1ea9n th\u1eadn treo ch\u00fang l\u00ean b\u1ee9c t\u01b0\u1eddng trong ph\u00f2ng kh\u00e1ch.<\/p>","protected":false},"featured_media":1693,"comment_status":"open","ping_status":"closed","template":"","meta":{"site-sidebar-layout":"default","site-content-layout":"","ast-site-content-layout":"","site-content-style":"default","site-sidebar-style":"default","ast-global-header-display":"","ast-banner-title-visibility":"","ast-main-header-display":"","ast-hfb-above-header-display":"","ast-hfb-below-header-display":"","ast-hfb-mobile-header-display":"","site-post-title":"","ast-breadcrumbs-content":"","ast-featured-img":"","footer-sml-layout":"","theme-transparent-header-meta":"","adv-header-id-meta":"","stick-header-meta":"","header-above-stick-meta":"","header-main-stick-meta":"","header-below-stick-meta":"","astra-migrate-meta-layouts":""},"product_cat":[50],"product_tag":[52],"class_list":["post-3528","product","type-product","status-publish","has-post-thumbnail","hentry","product_cat-education","product_tag-education","desktop-align-center","tablet-align-center","mobile-align-center","ast-product-gallery-layout-horizontal-slider","ast-product-gallery-with-no-image","ast-magnify-disabled","ast-product-tabs-layout-accordion"],"aioseo_notices":[],"_links":{"self":[{"href":"https:\/\/www.booktio.org\/en\/wp-json\/wp\/v2\/product\/3528","targetHints":{"allow":["GET"]}}],"collection":[{"href":"https:\/\/www.booktio.org\/en\/wp-json\/wp\/v2\/product"}],"about":[{"href":"https:\/\/www.booktio.org\/en\/wp-json\/wp\/v2\/types\/product"}],"replies":[{"embeddable":true,"href":"https:\/\/www.booktio.org\/en\/wp-json\/wp\/v2\/comments?post=3528"}],"version-history":[{"count":0,"href":"https:\/\/www.booktio.org\/en\/wp-json\/wp\/v2\/product\/3528\/revisions"}],"wp:featuredmedia":[{"embeddable":true,"href":"https:\/\/www.booktio.org\/en\/wp-json\/wp\/v2\/media\/1693"}],"wp:attachment":[{"href":"https:\/\/www.booktio.org\/en\/wp-json\/wp\/v2\/media?parent=3528"}],"wp:term":[{"taxonomy":"product_cat","embeddable":true,"href":"https:\/\/www.booktio.org\/en\/wp-json\/wp\/v2\/product_cat?post=3528"},{"taxonomy":"product_tag","embeddable":true,"href":"https:\/\/www.booktio.org\/en\/wp-json\/wp\/v2\/product_tag?post=3528"}],"curies":[{"name":"wp","href":"https:\/\/api.w.org\/{rel}","templated":true}]}}