{"id":3527,"date":"2023-05-14T22:32:07","date_gmt":"2023-05-14T15:32:07","guid":{"rendered":"https:\/\/www.booktio.org\/product\/khong-gia-dinh\/"},"modified":"2023-05-14T22:32:07","modified_gmt":"2023-05-14T15:32:07","slug":"khong-gia-dinh","status":"publish","type":"product","link":"https:\/\/www.booktio.org\/en\/product\/khong-gia-dinh\/","title":{"rendered":"Kh\u00f4ng Gia \u0110\u00ecnh"},"content":{"rendered":"<p>Kh\u00f4ng gia \u0111\u00ecnh l\u00e0 ki\u1ec7t t\u00e1c n\u1ed5i ti\u1ebfng nh\u1ea5t c\u1ee7a v\u0103n h\u00e0o Ph\u00e1p Hecto Malot. T\u00e1c ph\u1ea9m \u0111\u00e3 \u0111\u01b0\u1ee3c gi\u1ea3i th\u01b0\u1edfng c\u1ee7a Vi\u1ec7n H\u00e0n l\u00e2m V\u0103n h\u1ecdc Ph\u00e1p, \u0111\u01b0\u1ee3c d\u1ecbch ra nhi\u1ec1u th\u1ee9 ti\u1ebfng, nhi\u1ec1u l\u1ea7n \u0111\u01b0\u1ee3c d\u1ef1ng th\u00e0nh phim.<\/p>\n<p>Truy\u1ec7n k\u1ec3 v\u1ec1 R\u00e9mi, m\u1ed9t em b\u00e9 kh\u00f4ng cha kh\u00f4ng m\u1eb9, kh\u00f4ng h\u1ecd h\u00e0ng th\u00e2n th\u00edch. Trong khi nh\u1eefng em b\u00e9 tr\u1ea1c tu\u1ed5i em \u0111\u01b0\u1ee3c \u0103n no ng\u1ee7 k\u0129, y\u00ean \u1ea5m trong v\u00f2ng tay m\u1eb9 th\u00ec R\u00e9mi \u0111\u00e3 ph\u1ea3i l\u01b0u l\u1ea1c kh\u1eafp n\u01b0\u1edbc Ph\u00e1p c\u00f9ng ch\u1ee7 g\u00e1nh xi\u1ebfc th\u00fa l\u00e0 c\u1ee5 Vitalis t\u1ed1t b\u1ee5ng. Em lu\u00f4n kh\u00e1t khao \u0111\u01b0\u1ee3c y\u00eau th\u01b0\u01a1ng, ch\u1ec9 m\u1ed9t c\u1eed ch\u1ec9 quan t\u00e2m c\u0169ng khi\u1ebfn em h\u1ea1nh ph\u00fac, ghi nh\u1edb su\u1ed1t nhi\u1ec1u n\u0103m.<\/p>","protected":false},"excerpt":{"rendered":"<p>Kh\u00f4ng gia \u0111\u00ecnh l\u00e0 ki\u1ec7t t\u00e1c n\u1ed5i ti\u1ebfng nh\u1ea5t c\u1ee7a v\u0103n h\u00e0o Ph\u00e1p Hecto Malot. T\u00e1c ph\u1ea9m \u0111\u00e3 \u0111\u01b0\u1ee3c gi\u1ea3i th\u01b0\u1edfng<\/p>","protected":false},"featured_media":3526,"comment_status":"open","ping_status":"closed","template":"","meta":{"site-sidebar-layout":"default","site-content-layout":"","ast-site-content-layout":"","site-content-style":"default","site-sidebar-style":"default","ast-global-header-display":"","ast-banner-title-visibility":"","ast-main-header-display":"","ast-hfb-above-header-display":"","ast-hfb-below-header-display":"","ast-hfb-mobile-header-display":"","site-post-title":"","ast-breadcrumbs-content":"","ast-featured-img":"","footer-sml-layout":"","theme-transparent-header-meta":"","adv-header-id-meta":"","stick-header-meta":"","header-above-stick-meta":"","header-main-stick-meta":"","header-below-stick-meta":"","astra-migrate-meta-layouts":""},"product_cat":[40],"product_tag":[36],"class_list":["post-3527","product","type-product","status-publish","has-post-thumbnail","hentry","product_cat-fiction","product_tag-fiction","desktop-align-center","tablet-align-center","mobile-align-center","ast-product-gallery-layout-horizontal-slider","ast-product-gallery-with-no-image","ast-magnify-disabled","ast-product-tabs-layout-accordion"],"aioseo_notices":[],"_links":{"self":[{"href":"https:\/\/www.booktio.org\/en\/wp-json\/wp\/v2\/product\/3527","targetHints":{"allow":["GET"]}}],"collection":[{"href":"https:\/\/www.booktio.org\/en\/wp-json\/wp\/v2\/product"}],"about":[{"href":"https:\/\/www.booktio.org\/en\/wp-json\/wp\/v2\/types\/product"}],"replies":[{"embeddable":true,"href":"https:\/\/www.booktio.org\/en\/wp-json\/wp\/v2\/comments?post=3527"}],"version-history":[{"count":0,"href":"https:\/\/www.booktio.org\/en\/wp-json\/wp\/v2\/product\/3527\/revisions"}],"wp:featuredmedia":[{"embeddable":true,"href":"https:\/\/www.booktio.org\/en\/wp-json\/wp\/v2\/media\/3526"}],"wp:attachment":[{"href":"https:\/\/www.booktio.org\/en\/wp-json\/wp\/v2\/media?parent=3527"}],"wp:term":[{"taxonomy":"product_cat","embeddable":true,"href":"https:\/\/www.booktio.org\/en\/wp-json\/wp\/v2\/product_cat?post=3527"},{"taxonomy":"product_tag","embeddable":true,"href":"https:\/\/www.booktio.org\/en\/wp-json\/wp\/v2\/product_tag?post=3527"}],"curies":[{"name":"wp","href":"https:\/\/api.w.org\/{rel}","templated":true}]}}