{"id":3283,"date":"2023-05-14T22:28:12","date_gmt":"2023-05-14T15:28:12","guid":{"rendered":"https:\/\/www.booktio.org\/product\/dac-nhan-tam-2\/"},"modified":"2023-05-14T22:28:12","modified_gmt":"2023-05-14T15:28:12","slug":"dac-nhan-tam-2","status":"publish","type":"product","link":"https:\/\/www.booktio.org\/en\/product\/dac-nhan-tam-2\/","title":{"rendered":"\u0110\u1eafc nh\u00e2n t\u00e2m"},"content":{"rendered":"<p>\u0110\u1eafc nh\u00e2n t\u00e2m c\u1ee7a Dale Carnegie l\u00e0 quy\u1ec3n s\u00e1ch duy nh\u1ea5t v\u1ec1 th\u1ec3 lo\u1ea1i self-help li\u00ean t\u1ee5c \u0111\u1ee9ng \u0111\u1ea7u danh m\u1ee5c s\u00e1ch b\u00e1n ch\u1ea1y nh\u1ea5t (best-selling Books) do b\u00e1o The New York Times b\u00ecnh ch\u1ecdn su\u1ed1t 10 n\u0103m li\u1ec1n. \u0110\u01b0\u1ee3c xu\u1ea5t b\u1ea3n n\u0103m 1936, v\u1edbi s\u1ed1 l\u01b0\u1ee3ng b\u00e1n ra h\u01a1n 15 tri\u1ec7u b\u1ea3n, t\u00ednh \u0111\u1ebfn nay, s\u00e1ch \u0111\u00e3 \u0111\u01b0\u1ee3c d\u1ecbch ra \u1edf h\u1ea7u h\u1ebft c\u00e1c ng\u00f4n ng\u1eef, trong \u0111\u00f3 c\u00f3 c\u1ea3 Vi\u1ec7t Nam, v\u00e0 \u0111\u00e3 nh\u1eadn \u0111\u01b0\u1ee3c s\u1ef1 \u0111\u00f3n ti\u1ebfp nhi\u1ec7t t\u00ecnh c\u1ee7a \u0111\u1ecdc gi\u1ea3 \u1edf h\u1ea7u h\u1ebft c\u00e1c qu\u1ed1c gia.<\/p>\n<p>L\u00e0 quy\u1ec3n s\u00e1ch \u0111\u1ea7u ti\u00ean c\u00f3 \u1ea3nh h\u01b0\u1edfng l\u00e0m thay \u0111\u1ed5i cu\u1ed9c \u0111\u1eddi c\u1ee7a h\u00e0ng tri\u1ec7u ng\u01b0\u1eddi tr\u00ean th\u1ebf gi\u1edbi, \u0110\u1eafc Nh\u00e2n T\u00e2m l\u00e0 cu\u1ed1n s\u00e1ch \u0111em l\u1ea1i nh\u1eefng gi\u00e1 tr\u1ecb tuy\u1ec7t v\u1eddi cho ng\u01b0\u1eddi \u0111\u1ecdc, bao g\u1ed3m nh\u1eefng l\u1eddi khuy\u00ean c\u1ef1c k\u00ec b\u1ed5 \u00edch v\u1ec1 c\u00e1ch \u1ee9ng x\u1eed trong cu\u1ed9c s\u1ed1ng h\u00e0ng ng\u00e0y. S\u1ee9c lan to\u1ea3 c\u1ee7a quy\u1ec3n s\u00e1ch v\u00f4 c\u00f9ng r\u1ed9ng l\u1edbn \u2013 v\u1edbi nhi\u1ec1u t\u1ea7ng l\u1edbp, \u0111\u1ed1i t\u01b0\u1ee3ng.<\/p>\n<p>\u0110\u1eafc Nh\u00e2n T\u00e2m kh\u00f4ng ch\u1ec9 l\u00e0 l\u00e0 ngh\u1ec7 thu\u1eadt thu ph\u1ee5c l\u00f2ng ng\u01b0\u1eddi, \u0110\u1eafc Nh\u00e2n T\u00e2m c\u00f2n \u0111em l\u1ea1i cho \u0111\u1ed9c gi\u1ea3 g\u00f3c nh\u00ecn, suy ngh\u0129 s\u00e2u s\u1eafc v\u1ec1 vi\u1ec7c giao ti\u1ebfp \u1ee9ng x\u1eed.<\/p>\n<p>Tri\u1ebft l\u00fd c\u1ee7a \u0110\u1eafc Nh\u00e2n T\u00e2m l\u00e0 hi\u1ec3u m\u00ecnh, th\u00e0nh th\u1eadt v\u1edbi ch\u00ednh m\u00ecnh, t\u1eeb \u0111\u00f3 hi\u1ec3u bi\u1ebft v\u00e0 quan t\u00e2m \u0111\u1ebfn nh\u1eefng ng\u01b0\u1eddi xung quanh \u0111\u1ec3 nh\u00ecn ra v\u00e0 kh\u01a1i g\u1ee3i nh\u1eefng ti\u1ec1m n\u0103ng \u1ea9n khu\u1ea5t n\u01a1i h\u1ecd, gi\u00fap h\u1ecd ph\u00e1t tri\u1ec3n l\u00ean m\u1ed9t t\u1ea7m cao m\u1edbi. \u0110\u00e2y ch\u00ednh l\u00e0 ngh\u1ec7 thu\u1eadt cao nh\u1ea5t v\u1ec1 con ng\u01b0\u1eddi v\u00e0 ch\u00ednh l\u00e0 \u00fd ngh\u0129a s\u00e2u s\u1eafc nh\u1ea5t \u0111\u00fac k\u1ebft t\u1eeb nh\u1eefng nguy\u00ean t\u1eafc v\u00e0ng c\u1ee7a Dale Carnegie.<\/p>","protected":false},"excerpt":{"rendered":"<p>\u0110\u1eafc nh\u00e2n t\u00e2m c\u1ee7a Dale Carnegie l\u00e0 quy\u1ec3n s\u00e1ch duy nh\u1ea5t v\u1ec1 th\u1ec3 lo\u1ea1i self-help li\u00ean t\u1ee5c \u0111\u1ee9ng \u0111\u1ea7u danh m\u1ee5c s\u00e1ch b\u00e1n ch\u1ea1y nh\u1ea5t (best-selling Books) do b\u00e1o The New York Times b\u00ecnh ch\u1ecdn su\u1ed1t 10 n\u0103m li\u1ec1n. \u0110\u01b0\u1ee3c xu\u1ea5t b\u1ea3n n\u0103m 1936, v\u1edbi s\u1ed1 l\u01b0\u1ee3ng b\u00e1n ra h\u01a1n 15 tri\u1ec7u b\u1ea3n, t\u00ednh \u0111\u1ebfn nay, s\u00e1ch \u0111\u00e3 \u0111\u01b0\u1ee3c d\u1ecbch ra \u1edf h\u1ea7u h\u1ebft c\u00e1c ng\u00f4n ng\u1eef, trong \u0111\u00f3 c\u00f3 c\u1ea3 Vi\u1ec7t Nam, v\u00e0 \u0111\u00e3 nh\u1eadn \u0111\u01b0\u1ee3c s\u1ef1 \u0111\u00f3n ti\u1ebfp nhi\u1ec7t t\u00ecnh c\u1ee7a \u0111\u1ecdc gi\u1ea3 \u1edf h\u1ea7u h\u1ebft c\u00e1c qu\u1ed1c gia.<\/p>","protected":false},"featured_media":1703,"comment_status":"open","ping_status":"closed","template":"","meta":{"site-sidebar-layout":"default","site-content-layout":"","ast-site-content-layout":"","site-content-style":"default","site-sidebar-style":"default","ast-global-header-display":"","ast-banner-title-visibility":"","ast-main-header-display":"","ast-hfb-above-header-display":"","ast-hfb-below-header-display":"","ast-hfb-mobile-header-display":"","site-post-title":"","ast-breadcrumbs-content":"","ast-featured-img":"","footer-sml-layout":"","theme-transparent-header-meta":"","adv-header-id-meta":"","stick-header-meta":"","header-above-stick-meta":"","header-main-stick-meta":"","header-below-stick-meta":"","astra-migrate-meta-layouts":""},"product_cat":[50],"product_tag":[52],"class_list":["post-3283","product","type-product","status-publish","has-post-thumbnail","hentry","product_cat-education","product_tag-education","desktop-align-center","tablet-align-center","mobile-align-center","ast-product-gallery-layout-horizontal-slider","ast-product-gallery-with-no-image","ast-magnify-disabled","ast-product-tabs-layout-accordion"],"aioseo_notices":[],"_links":{"self":[{"href":"https:\/\/www.booktio.org\/en\/wp-json\/wp\/v2\/product\/3283","targetHints":{"allow":["GET"]}}],"collection":[{"href":"https:\/\/www.booktio.org\/en\/wp-json\/wp\/v2\/product"}],"about":[{"href":"https:\/\/www.booktio.org\/en\/wp-json\/wp\/v2\/types\/product"}],"replies":[{"embeddable":true,"href":"https:\/\/www.booktio.org\/en\/wp-json\/wp\/v2\/comments?post=3283"}],"version-history":[{"count":0,"href":"https:\/\/www.booktio.org\/en\/wp-json\/wp\/v2\/product\/3283\/revisions"}],"wp:featuredmedia":[{"embeddable":true,"href":"https:\/\/www.booktio.org\/en\/wp-json\/wp\/v2\/media\/1703"}],"wp:attachment":[{"href":"https:\/\/www.booktio.org\/en\/wp-json\/wp\/v2\/media?parent=3283"}],"wp:term":[{"taxonomy":"product_cat","embeddable":true,"href":"https:\/\/www.booktio.org\/en\/wp-json\/wp\/v2\/product_cat?post=3283"},{"taxonomy":"product_tag","embeddable":true,"href":"https:\/\/www.booktio.org\/en\/wp-json\/wp\/v2\/product_tag?post=3283"}],"curies":[{"name":"wp","href":"https:\/\/api.w.org\/{rel}","templated":true}]}}