{"id":3167,"date":"2023-05-14T22:26:50","date_gmt":"2023-05-14T15:26:50","guid":{"rendered":"https:\/\/www.booktio.org\/product\/bi-mat-cua-hanh-phuc-2\/"},"modified":"2023-05-14T22:26:50","modified_gmt":"2023-05-14T15:26:50","slug":"bi-mat-cua-hanh-phuc-2","status":"publish","type":"product","link":"https:\/\/www.booktio.org\/en\/product\/bi-mat-cua-hanh-phuc-2\/","title":{"rendered":"B\u00ed m\u1eadt c\u1ee7a h\u1ea1nh ph\u00fac"},"content":{"rendered":"<p>Cu\u1ed1n s\u00e1ch \u0111\u00e3 \u0111\u01b0\u1ee3c th\u1ef1c hi\u1ec7n trong m\u1ed9t n\u0103m v\u00e0 \u0111\u01b0\u1ee3c First News k\u00fd h\u1ee3p \u0111\u1ed3ng chuy\u1ec3n giao b\u1ea3n quy\u1ec1n tr\u1ef1c ti\u1ebfp v\u1edbi T\u1eadp \u0111o\u00e0n Xu\u1ea5t b\u1ea3n Happer Collins c\u00f3 tr\u1ee5 s\u1edf t\u1ea1i New York v\u00e0 t\u00e1c gi\u1ea3 David Niven v\u00e0o nh\u1eefng ng\u00e0y \u0111\u1ea7u n\u0103m 2005. \u0110\u00e2y l\u00e0 m\u1ed9t cu\u1ed1n s\u00e1ch \u0111\u01b0\u1ee3c x\u1ebfp lo\u1ea1i b\u00e1n ch\u1ea1y nh\u1ea5t n\u01b0\u1edbc M\u1ef9 li\u00ean t\u1ee5c 2 n\u0103m li\u1ec1n k\u1ec3 t\u1eeb l\u1ea7n xu\u1ea5t b\u1ea3n \u0111\u1ea7u ti\u00ean t\u1ea1i M\u1ef9 n\u0103m 2002.<\/p>\n<p>Cu\u1ed1n s\u00e1ch vi\u1ebft v\u1ec1 ch\u1ee7 \u0111\u1ec1 m\u00e0 t\u1ea5t c\u1ea3 m\u1ecdi ng\u01b0\u1eddi ch\u00fang ta \u0111\u1ec1u quan t\u00e2m: H\u1ea1nh Ph\u00fac Cu\u1ed9c S\u1ed1ng. \u0110\u00e2y kh\u00f4ng ch\u1ec9 \u0111\u01a1n thu\u1ea7n l\u00e0 nghi\u00ean c\u1ee9u c\u1ee7a m\u1ed9t nh\u00e0 t\u00e2m l\u00fd t\u00e2m huy\u1ebft m\u00e0 c\u00f2n l\u00e0 s\u1ef1 \u0111\u00fac k\u1ebft, tr\u1ea3i nghi\u1ec7m t\u1eeb r\u1ea5t nhi\u1ec1u s\u1ed1 ph\u1eadn, r\u1ea5t nhi\u1ec1u cu\u1ed9c \u0111\u1eddi, m\u00e0 c\u00f2n l\u00e0 th\u00e0nh qu\u1ea3 lao \u0111\u1ed9ng c\u1ee7a nh\u1eefng nh\u00e0 khoa h\u1ecdc, nh\u1eefng Vi\u1ec7n Nghi\u00ean C\u1ee9u v\u1ec1 cu\u1ed9c s\u1ed1ng n\u1ed9i t\u00e2m con ng\u01b0\u1eddi trong m\u1ed9t th\u1eddi gian d\u00e0i \u0111\u1ec3 t\u00ecm ra l\u1eddi gi\u1ea3i th\u1ebf n\u00e0o l\u00e0 H\u1ea1nh Ph\u00fac th\u1ef1c s\u1ef1 v\u00e0 100 b\u00ed m\u1eadt \u0111\u1ec3 c\u00f3 \u0111\u01b0\u1ee3c h\u1ea1nh ph\u00fac m\u00e0 ch\u00fang ta c\u00f3 th\u1ec3 th\u1ef1c hi\u1ec7n v\u00e0 t\u1ef1 \u0111i\u1ec1u ch\u1ec9nh m\u00ecnh \u0111\u1ec3 c\u1ea3m nh\u1eadn \u0111\u01b0\u1ee3c tr\u1ecdn v\u1eb9n h\u1ea1nh ph\u00fac cu\u1ed9c s\u1ed1ng.<\/p>\n<p>\u0110\u1ec3 \u0111\u01b0\u1ee3c h\u1ea1nh ph\u00fac kh\u00f4ng ch\u1ec9 l\u00e0 tr\u0103n tr\u1edf c\u1ee7a m\u1ecdi ng\u01b0\u1eddi ch\u00fang ta hi\u1ec7n nay m\u00e0 c\u00f2n t\u1eebng l\u00e0 nh\u1eefng suy t\u01b0, c\u00e2u h\u1ecfi c\u1ee7a nhi\u1ec1u th\u1ebf h\u1ec7. C\u00f3 ph\u1ea3i l\u00e0 h\u1ea1nh ph\u00fac lu\u00f4n \u1edf ph\u00eda tr\u01b0\u1edbc v\u00e0 kh\u00f3 n\u1eafm b\u1eaft &#8211; ch\u00fang ta ch\u1ec9 c\u00f3 th\u1ec3 h\u01b0\u1edbng \u0111\u1ebfn m\u00e0 th\u00f4i? Hay h\u1ea1nh ph\u00fac th\u1eadt g\u1ea7n g\u0169i, \u1edf ngay trong t\u00e2m ch\u00fang ta? R\u1eb1ng ch\u1ec9 c\u00f3 nh\u1eefng ng\u01b0\u1eddi t\u1eebng tr\u1ea3i qua kh\u1ed5 \u0111au m\u1edbi c\u00f3 th\u1ec3 hi\u1ec3u gi\u00e1 tr\u1ecb v\u00e0 c\u1ea3m nh\u1eadn tr\u1ecdn v\u1eb9n gi\u00e1 tr\u1ecb c\u1ee7a ni\u1ec1m vui h\u1ea1nh ph\u00fac.<\/p>\n<p>V\u00e0 ai \u0111\u00f3 \u0111\u00e3 chi\u00eam nghi\u1ec7m s\u00e2u s\u1eafc r\u1eb1ng h\u1ea1nh ph\u00fac kh\u00f4ng ph\u1ea3i l\u00e0 c\u1ea3m gi\u00e1c t\u1edbi \u0111\u00edch, m\u00e0 ch\u00ednh tr\u00ean t\u1eebng ch\u1eb7ng \u0111\u01b0\u1eddng \u0111i, h\u1ea1nh ph\u00fac kh\u00f4ng ch\u1ec9 l\u00e0 n\u1ee5 c\u01b0\u1eddi, m\u00e0 c\u00f2n l\u00e0 gi\u1ecdt n\u01b0\u1edbc m\u1eaft chia s\u1ebb tr\u00ean b\u1edd vai tin c\u1eady. Trong cu\u1ed9c h\u00e0nh tr\u00ecnh c\u1ee7a cu\u1ed9c s\u1ed1ng, bi\u1ebft bao \u0111i\u1ec1u b\u1ea5t ng\u1edd, bi\u1ebfn c\u1ed1 bu\u1ed3n vui \u0111\u00f3n ch\u1edd ta. V\u00e0 bi\u1ebft bao l\u1ea7n ch\u00fang ta ph\u1ea3i \u0111\u1ed1i di\u1ec7n v\u1edbi th\u1ea5t v\u1ecdng, m\u1ea5t m\u00e1t ni\u1ec1m tin, kh\u1ed5 \u0111au v\u00e0 c\u1ea3 b\u1ea5t h\u1ea1nh. Ch\u00fang ta nh\u1eadn ra h\u1ea1nh ph\u00fac kh\u00f4ng h\u1ec1 \u0111\u01a1n gi\u1ea3n. V\u00e0 ch\u00fang ta \u0111\u00e3 t\u1eebng tr\u0103n tr\u1edf t\u00ecm c\u00e1ch \u0111\u1ec3 c\u1ea3m nh\u1eadn cu\u1ed9c s\u1ed1ng m\u00ecnh \u0111\u01b0\u1ee3c h\u1ea1nh ph\u00fac h\u01a1n. Qua nh\u1eefng kh\u00f3 kh\u0103n th\u1eed th\u00e1ch, ch\u00fang ta t\u1eebng b\u01b0\u1edbc tr\u01b0\u1edfng th\u00e0nh, kh\u00e1m ph\u00e1 ra \u00fd ngh\u0129a cu\u1ed9c s\u1ed1ng c\u00f3 nhi\u1ec1u cung b\u1eadc, \u0111a d\u1ea1ng. V\u00e0 cu\u1ed9c s\u1ed1ng kh\u00f4ng l\u00e0 m\u1ed9t khu\u00f4n m\u1eabu \u0111\u1ecbnh s\u1eb5n m\u00e0 l\u00e0 m\u1ed9t kh\u00f4ng gian \u0111a chi\u1ec1u, phong ph\u00fa. Kh\u00e1m ph\u00e1 \u0111\u00f3 \u0111i c\u00f9ng nh\u1eadn th\u1ee9c n\u1ed9i t\u00e2m v\u00e0 s\u1ef1 th\u1ee9c t\u1ec9nh, c\u00e1ch c\u1ea3m nh\u1eadn t\u00e2m h\u1ed3n, tinh th\u1ea7n m\u1ed7i ng\u01b0\u1eddi.<\/p>\n<p>H\u1ea1nh ph\u00fac th\u1ef1c s\u1ef1 m\u00e0 ch\u00fang ta c\u1ea3m nh\u1eadn \u0111\u01b0\u1ee3c kh\u00f4ng ch\u1ec9 l\u00e0 kh\u00e1i ni\u1ec7m \u01b0\u1edbc mu\u1ed1n \u0111\u01a1n thu\u1ea7n hay l\u00e0 s\u1ef1 th\u00e0nh \u0111\u1ea1t m\u00e0 l\u00e0 m\u1ed9t t\u1ed5ng th\u1ec3 h\u00e0i h\u00f2a c\u1ee7a t\u00ecnh c\u1ea3m con ng\u01b0\u1eddi, t\u00ecnh y\u00eau, c\u00e1c m\u1ed1i quan h\u1ec7, n\u1ed9i t\u00e2m v\u00e0 c\u00e1ch nh\u00ecn. Trong \u0111\u00f3 y\u1ebfu t\u1ed1 tinh th\u1ea7n l\u00e0 quan tr\u1ecdng nh\u1ea5t. Trong nh\u1eefng ph\u00fat gi\u00e2y \u0111\u1ed1i m\u1eb7t v\u1edbi th\u1ea5t b\u1ea1i, sai l\u1ea7m, ngh\u1ecbch c\u1ea3nh v\u00e0 \u0111\u1eafng cay cu\u1ed9c \u0111\u1eddi, ngay v\u1edbi nh\u1eefng ng\u01b0\u1eddi b\u1ea3n l\u0129nh, nhi\u1ec1u v\u1ed1n s\u1ed1ng nh\u1ea5t c\u0169ng \u0111\u00f4i l\u00fac m\u1ea5t ph\u01b0\u01a1ng h\u01b0\u1edbng v\u00e0 t\u1ef1 h\u1ecfi: Th\u1ebf n\u00e0o l\u00e0 h\u1ea1nh ph\u00fac th\u1ef1c s\u1ef1? \u00dd ngh\u0129a v\u00e0 gi\u00e1 tr\u1ecb cu\u1ed9c s\u1ed1ng c\u1ee7a m\u00ecnh l\u00e0 g\u00ec? V\u00ec sao c\u1ea3m gi\u00e1c h\u1ea1nh ph\u00fac th\u1ef1c s\u1ef1 l\u1ea1i kh\u00f3 t\u00ecm \u0111\u1ebfn th\u1ebf? H\u1ea1nh ph\u00fac sao \u0111\u1ebfn r\u1ed3i l\u1ea1i \u0111i? C\u00f3 th\u1ef1c s\u1ef1 t\u1ed3n t\u1ea1i v\u00e0 ph\u1ea3i \u0111i t\u00ecm s\u1ef1 h\u1ea1nh ph\u00fac v\u0129nh h\u1eb1ng \u1edf \u0111\u00e2u? L\u00e0m th\u1ebf n\u00e0o \u0111\u1ec3 h\u1ea1nh ph\u00fac th\u1eadt s\u1ef1? H\u1ea1nh ph\u00fac l\u00e0 lu\u00f4n b\u1eb1ng l\u00f2ng v\u1edbi ch\u00ednh m\u00ecnh hay d\u00e1m thay \u0111\u1ed5i, v\u01b0\u1ee3t l\u00ean \u0111\u1ec3 \u0111\u1ea1t \u0111\u01b0\u1ee3c \u0111i\u1ec1u m\u00ecnh m\u01a1 \u01b0\u1edbc? H\u1ea1nh ph\u00fac l\u00e0 c\u1ea3m nh\u1eadn t\u0129nh l\u1eb7ng h\u01b0\u1edbng n\u1ed9i, t\u1ef1 b\u1eb1ng l\u00f2ng v\u1edbi cu\u1ed9c s\u1ed1ng \u0111ang c\u00f3 hay d\u00e1m v\u01b0\u01a1n l\u00ean chinh ph\u1ee5c nh\u1eefng th\u1eed th\u00e1ch \u0111\u1ec3 kh\u1eb3ng \u0111\u1ecbnh m\u00ecnh v\u00e0 thay \u0111\u1ed5i cu\u1ed9c s\u1ed1ng?<\/p>\n<p>B\u00ed M\u1eadt c\u1ee7a H\u1ea1nh Ph\u00fac th\u1ef1c s\u1ef1 l\u00e0 m\u1ed9t cu\u1ed1n s\u00e1ch m\u1edbi m\u1ebb v\u00e0 s\u00e2u s\u1eafc v\u1edbi nh\u1eefng \u00fd t\u01b0\u1edfng \u0111\u1ed9c \u0111\u00e1o c\u00f3 gi\u00e1 tr\u1ecb v\u0129nh h\u1eb1ng s\u1ebd gi\u00fap b\u1ea1n m\u1ed9t c\u00e1ch nh\u00ecn, c\u00e1ch c\u1ea3m nh\u1eadn v\u00e0 t\u00ecm ra con \u0111\u01b0\u1eddng \u0111\u1ebfn H\u1ea1nh Ph\u00fac \u0111\u00edch th\u1ef1c c\u1ee7a ch\u00ednh m\u00ecnh.<\/p>\n<p>Cu\u1ed1n s\u00e1ch s\u1ebd c\u00f9ng b\u1ea1n chia s\u1ebb nh\u1eefng tr\u1ea3i nghi\u1ec7m ch\u00e2n th\u00e0nh, th\u1ef1c t\u1ebf v\u00e0 h\u1eefu \u00edch nh\u1ea5t c\u00f9ng nh\u1eefng c\u00e2u chuy\u1ec7n sinh \u0111\u1ed9ng \u0111\u1ec3 kh\u00e1m ph\u00e1 ra nh\u1eefng kh\u00eda c\u1ea1nh c\u1ee7a h\u1ea1nh ph\u00fac. Nh\u1eefng \u0111i\u1ec1u gi\u1ea3n d\u1ecb \u0111\u00f3 s\u1ebd gi\u00fap ch\u00fang ta kh\u00e1m ph\u00e1 n\u1ed9i t\u00e2m, c\u00e1ch suy ngh\u0129, t\u01b0 duy c\u1ee7a ch\u00ednh m\u00ecnh, t\u00ecm ra \u0111\u01b0\u1ee3c s\u1ef1 kh\u00e1c bi\u1ec7t gi\u1eefa ng\u01b0\u1eddi h\u1ea1nh ph\u00fac v\u00e0 kh\u00f4ng h\u1ea1nh ph\u00fac \u0111\u1ec3 nghi\u1ec7m ra h\u1ea1nh ph\u00fac c\u1ee7a m\u00ecnh.<\/p>\n<p>Qua t\u1eebng trang s\u00e1ch ch\u00fang ta nh\u1eadn ra r\u1eb1ng h\u1ea1nh ph\u00fac kh\u00f4ng ph\u1ea3i l\u00e0 \u0111i\u1ec1u xa x\u00f4i, kh\u00f3 t\u00ecm. H\u1ea1nh ph\u00fac c\u00f3 th\u1ec3 t\u00ecm \u0111\u01b0\u1ee3c b\u1eb1ng nh\u1eefng \u0111i\u1ec1u ch\u1ec9nh, thay \u0111\u1ed5i trong cu\u1ed9c s\u1ed1ng, c\u00e1ch nh\u00ecn v\u00e0 suy ngh\u0129 ch\u00fang ta. H\u1ea1nh ph\u00fac c\u00f3 th\u1ec3 t\u00ecm \u0111\u01b0\u1ee3c trong s\u1ef1 chia s\u1ebb ch\u00e2n th\u00e0nh, trong s\u1ef1 cao th\u01b0\u1ee3ng c\u1ee7a c\u00e1c m\u1ed1i quan h\u1ec7, trong l\u00f2ng d\u0169ng c\u1ea3m, quy\u1ebft t\u00e2m v\u01b0\u01a1n l\u00ean, trong c\u00e1ch t\u01b0 duy t\u00edch c\u1ef1c v\u00e0 h\u01b0\u1edbng \u0111\u1ebfn m\u1ed9t ng\u00e0y mai t\u1ed1t \u0111\u1eb9p h\u01a1n. Cu\u1ed1n s\u00e1ch s\u1ebd l\u00e0 ng\u01b0\u1eddi b\u1ea1n chia s\u1ebb ch\u00e2n th\u00e0nh nh\u1ea5t c\u1ee7a b\u1ea1n trong nh\u1eefng th\u1eddi \u0111i\u1ec3m kh\u00f3 kh\u0103n, th\u1ea5t b\u1ea1i hay khi \u0111\u1ed1i \u0111\u1ea7u v\u1edbi th\u1eed th\u00e1ch \u0111\u1ec3 v\u01b0\u01a1n l\u00ean t\u00ecm \u0111\u01b0\u1ee3c ni\u1ec1m tin, t\u00ecnh y\u00eau, \u01b0\u1edbc m\u01a1 v\u00e0 h\u1ea1nh ph\u00fac cu\u1ed9c s\u1ed1ng.<\/p>","protected":false},"excerpt":{"rendered":"<p>Cu\u1ed1n s\u00e1ch \u0111\u00e3 \u0111\u01b0\u1ee3c th\u1ef1c hi\u1ec7n trong m\u1ed9t n\u0103m v\u00e0 \u0111\u01b0\u1ee3c First News k\u00fd h\u1ee3p \u0111\u1ed3ng chuy\u1ec3n giao b\u1ea3n quy\u1ec1n tr\u1ef1c ti\u1ebfp v\u1edbi T\u1eadp \u0111o\u00e0n Xu\u1ea5t b\u1ea3n Happer Collins c\u00f3 tr\u1ee5 s\u1edf t\u1ea1i New York v\u00e0 t\u00e1c gi\u1ea3 David Niven v\u00e0o nh\u1eefng ng\u00e0y \u0111\u1ea7u n\u0103m 2005. \u0110\u00e2y l\u00e0 m\u1ed9t cu\u1ed1n s\u00e1ch \u0111\u01b0\u1ee3c x\u1ebfp lo\u1ea1i b\u00e1n ch\u1ea1y nh\u1ea5t n\u01b0\u1edbc M\u1ef9 li\u00ean t\u1ee5c 2 n\u0103m li\u1ec1n k\u1ec3 t\u1eeb l\u1ea7n xu\u1ea5t b\u1ea3n \u0111\u1ea7u ti\u00ean t\u1ea1i M\u1ef9 n\u0103m 2002.<\/p>","protected":false},"featured_media":1731,"comment_status":"open","ping_status":"closed","template":"","meta":{"site-sidebar-layout":"default","site-content-layout":"","ast-site-content-layout":"","site-content-style":"default","site-sidebar-style":"default","ast-global-header-display":"","ast-banner-title-visibility":"","ast-main-header-display":"","ast-hfb-above-header-display":"","ast-hfb-below-header-display":"","ast-hfb-mobile-header-display":"","site-post-title":"","ast-breadcrumbs-content":"","ast-featured-img":"","footer-sml-layout":"","theme-transparent-header-meta":"","adv-header-id-meta":"","stick-header-meta":"","header-above-stick-meta":"","header-main-stick-meta":"","header-below-stick-meta":"","astra-migrate-meta-layouts":""},"product_cat":[48,63],"product_tag":[51,64],"class_list":["post-3167","product","type-product","status-publish","has-post-thumbnail","hentry","product_cat-non-fiction","product_cat-self-help","product_tag-non-fiction","product_tag-self-help","desktop-align-center","tablet-align-center","mobile-align-center","ast-product-gallery-layout-horizontal-slider","ast-product-gallery-with-no-image","ast-magnify-disabled","ast-product-tabs-layout-accordion"],"aioseo_notices":[],"_links":{"self":[{"href":"https:\/\/www.booktio.org\/en\/wp-json\/wp\/v2\/product\/3167","targetHints":{"allow":["GET"]}}],"collection":[{"href":"https:\/\/www.booktio.org\/en\/wp-json\/wp\/v2\/product"}],"about":[{"href":"https:\/\/www.booktio.org\/en\/wp-json\/wp\/v2\/types\/product"}],"replies":[{"embeddable":true,"href":"https:\/\/www.booktio.org\/en\/wp-json\/wp\/v2\/comments?post=3167"}],"version-history":[{"count":0,"href":"https:\/\/www.booktio.org\/en\/wp-json\/wp\/v2\/product\/3167\/revisions"}],"wp:featuredmedia":[{"embeddable":true,"href":"https:\/\/www.booktio.org\/en\/wp-json\/wp\/v2\/media\/1731"}],"wp:attachment":[{"href":"https:\/\/www.booktio.org\/en\/wp-json\/wp\/v2\/media?parent=3167"}],"wp:term":[{"taxonomy":"product_cat","embeddable":true,"href":"https:\/\/www.booktio.org\/en\/wp-json\/wp\/v2\/product_cat?post=3167"},{"taxonomy":"product_tag","embeddable":true,"href":"https:\/\/www.booktio.org\/en\/wp-json\/wp\/v2\/product_tag?post=3167"}],"curies":[{"name":"wp","href":"https:\/\/api.w.org\/{rel}","templated":true}]}}