{"id":3109,"date":"2023-05-14T22:26:04","date_gmt":"2023-05-14T15:26:04","guid":{"rendered":"https:\/\/www.booktio.org\/product\/anh-hung-hec-quyn\/"},"modified":"2023-05-14T22:26:04","modified_gmt":"2023-05-14T15:26:04","slug":"anh-hung-hec-quyn","status":"publish","type":"product","link":"https:\/\/www.booktio.org\/en\/product\/anh-hung-hec-quyn\/","title":{"rendered":"Anh h\u00f9ng H\u00e9c-quyn"},"content":{"rendered":"<p>H\u00e9c Quyn l\u00e0 ai? Nh\u00e2n v\u1eadt th\u1ea7n tho\u1ea1i Hy L\u1ea1p H\u00e9c Quyn hay c\u00f2n g\u1ecdi l\u00e0 Hercules l\u00e0 v\u1ecb anh h\u00f9ng ti\u00eau bi\u1ec3u v\u00e0 n\u1ed5i ti\u1ebfng nh\u1ea5t trong Hy L\u1ea1p. Anh l\u00e0 h\u00ecnh m\u1eabu l\u00fd t\u01b0\u1edfng c\u1ee7a m\u1ed9t ng\u01b0\u1eddi anh h\u00f9ng th\u1ef1c th\u1ee5 trong m\u1eaft d\u00e2n ch\u00fang c\u0169ng nh\u01b0 c\u00e1c v\u1ecb th\u1ea7n tr\u00ean \u0111\u1ec9nh Olympus. Nh\u1eefng c\u00e2u chuy\u1ec7n v\u1ec1 nh\u00e2n v\u1eadt n\u00e0y \u0111\u01b0\u1ee3c l\u01b0u truy\u1ec1n trong d\u00e2n gian v\u00e0 l\u00e0 ngu\u1ed3n c\u1ea3m h\u1ee9ng c\u1ee7a v\u00f4 s\u1ed1 t\u00e1c ph\u1ea9m n\u1ed5i ti\u1ebfng ch\u1eafc ch\u1eafn kh\u00f4ng th\u1ec3 kh\u00f4ng k\u1ec3 \u0111\u1ebfn b\u1ed9 phim ho\u1ea1t h\u00ecnh c\u1ee7a Disney v\u00e0o n\u0103m 1997 \u0111\u00e3 \u0111\u01b0a h\u00ecnh \u1ea3nh ng\u01b0\u1eddi anh h\u00f9ng \u0111\u1ebfn g\u1ea7n v\u1edbi m\u1ecdi ng\u01b0\u1eddi h\u01a1n.<\/p>","protected":false},"excerpt":{"rendered":"<p>H\u00e9c Quyn l\u00e0 ai? Nh\u00e2n v\u1eadt th\u1ea7n tho\u1ea1i Hy L\u1ea1p H\u00e9c Quyn hay c\u00f2n g\u1ecdi l\u00e0 Hercules l\u00e0 v\u1ecb anh h\u00f9ng ti\u00eau bi\u1ec3u v\u00e0 n\u1ed5i<\/p>","protected":false},"featured_media":3108,"comment_status":"open","ping_status":"closed","template":"","meta":{"site-sidebar-layout":"default","site-content-layout":"","ast-site-content-layout":"","site-content-style":"default","site-sidebar-style":"default","ast-global-header-display":"","ast-banner-title-visibility":"","ast-main-header-display":"","ast-hfb-above-header-display":"","ast-hfb-below-header-display":"","ast-hfb-mobile-header-display":"","site-post-title":"","ast-breadcrumbs-content":"","ast-featured-img":"","footer-sml-layout":"","theme-transparent-header-meta":"","adv-header-id-meta":"","stick-header-meta":"","header-above-stick-meta":"","header-main-stick-meta":"","header-below-stick-meta":"","astra-migrate-meta-layouts":""},"product_cat":[39,67],"product_tag":[41,68],"class_list":["post-3109","product","type-product","status-publish","has-post-thumbnail","hentry","product_cat-children","product_cat-picture-books","product_tag-children","product_tag-picture-books","desktop-align-center","tablet-align-center","mobile-align-center","ast-product-gallery-layout-horizontal-slider","ast-product-gallery-with-no-image","ast-magnify-disabled","ast-product-tabs-layout-accordion"],"aioseo_notices":[],"_links":{"self":[{"href":"https:\/\/www.booktio.org\/en\/wp-json\/wp\/v2\/product\/3109","targetHints":{"allow":["GET"]}}],"collection":[{"href":"https:\/\/www.booktio.org\/en\/wp-json\/wp\/v2\/product"}],"about":[{"href":"https:\/\/www.booktio.org\/en\/wp-json\/wp\/v2\/types\/product"}],"replies":[{"embeddable":true,"href":"https:\/\/www.booktio.org\/en\/wp-json\/wp\/v2\/comments?post=3109"}],"version-history":[{"count":0,"href":"https:\/\/www.booktio.org\/en\/wp-json\/wp\/v2\/product\/3109\/revisions"}],"wp:featuredmedia":[{"embeddable":true,"href":"https:\/\/www.booktio.org\/en\/wp-json\/wp\/v2\/media\/3108"}],"wp:attachment":[{"href":"https:\/\/www.booktio.org\/en\/wp-json\/wp\/v2\/media?parent=3109"}],"wp:term":[{"taxonomy":"product_cat","embeddable":true,"href":"https:\/\/www.booktio.org\/en\/wp-json\/wp\/v2\/product_cat?post=3109"},{"taxonomy":"product_tag","embeddable":true,"href":"https:\/\/www.booktio.org\/en\/wp-json\/wp\/v2\/product_tag?post=3109"}],"curies":[{"name":"wp","href":"https:\/\/api.w.org\/{rel}","templated":true}]}}