{"id":1696,"date":"2023-02-03T18:44:38","date_gmt":"2023-02-03T11:44:38","guid":{"rendered":"https:\/\/booktio.org\/product\/phuong-phap-hoc-tot-hon-truong-hoc-tot\/"},"modified":"2023-02-03T18:44:38","modified_gmt":"2023-02-03T11:44:38","slug":"phuong-phap-hoc-tot-hon-truong-hoc-tot","status":"publish","type":"product","link":"https:\/\/www.booktio.org\/en\/product\/phuong-phap-hoc-tot-hon-truong-hoc-tot\/","title":{"rendered":"Ph\u01b0\u01a1ng ph\u00e1p h\u1ecdc t\u1ed1t h\u01a1n tr\u01b0\u1eddng h\u1ecdc..."},"content":{"rendered":"<p>\u201cNg\u01b0\u1eddi th\u1ea7y th\u00f4ng minh s\u1ebd kh\u00f4ng b\u1eaft b\u1ea1n b\u01b0\u1edbc v\u00e0o cung \u0111i\u1ec7n tr\u00ed tu\u1ec7 c\u1ee7a th\u1ea7y, m\u00e0 h\u01b0\u1edbng d\u1eabn b\u1ea1n m\u1edf ra c\u00e1nh c\u1eeda tr\u00ed tu\u1ec7 c\u1ee7a ri\u00eang m\u00ecnh.\u201d<\/p>\n<p>Cu\u1ed1n s\u00e1ch gi\u1edbi thi\u1ec7u ph\u01b0\u01a1ng ph\u00e1p s\u00e1ng t\u1ea1o trong c\u00e1ch gi\u00e1o d\u1ee5c con c\u00e1i, h\u1ed9i t\u1ee5 t\u00e2m huy\u1ebft gi\u00e1o d\u1ee5c nhi\u1ec1u n\u0103m c\u1ee7a t\u00e1c gi\u1ea3. Kinh nghi\u1ec7m v\u00e0 ph\u01b0\u01a1ng ph\u00e1p h\u01b0\u1edbng d\u1eabn hi\u1ec7u qu\u1ea3 c\u1ee7a t\u00e1c gi\u1ea3 l\u00e0 kim ch\u1ec9 nam cho c\u00e1c b\u1eadc cha m\u1eb9 mu\u1ed1n b\u1ed3i d\u01b0\u1ee1ng, gi\u00e1o d\u1ee5c con c\u00e1i.<\/p>\n<p>Th\u1ee9 nh\u1ea5t, cu\u1ed1n s\u00e1ch th\u00f4ng qua th\u1ef1c ti\u1ec5n c\u1ee7a t\u00e1c gi\u1ea3, n\u00eau r\u00f5 c\u00e1c quan \u0111i\u1ec3m v\u1ec1 ph\u01b0\u01a1ng ph\u00e1p h\u1ecdc hi\u1ec7u qu\u1ea3 quan tr\u1ecdng h\u01a1n tr\u01b0\u1eddng h\u1ecdc t\u1ed1t, gi\u1edbi thi\u1ec7u v\u1ec1 h\u1ec7 th\u1ed1ng l\u00ed lu\u1eadn gi\u00e1o d\u1ee5c \u201cLi\u00ean k\u1ebft h\u1ed7 tr\u1ee3 t\u1ef1 h\u1ecdc\u201d v\u00e0 c\u00e1c ph\u01b0\u01a1ng ph\u00e1p d\u1ea1y h\u1ecdc c\u1ee5 th\u1ec3. Con g\u00e1i t\u00e1c gi\u1ea3 l\u00e0 Th\u01b0 D\u01b0\u01a1ng D\u01b0\u01a1ng l\u00fac 9 tu\u1ed5i \u0111\u00e3 t\u1eebng l\u00e0 \u201ch\u1ecdc sinh y\u1ebfu k\u00e9m\u201d, sau khi d\u00e0nh 3 n\u0103m \u0111\u1ec3 d\u1ea1y con h\u1ecdc to\u00e0n b\u1ed9 ch\u01b0\u01a1ng tr\u00ecnh t\u1eeb l\u1edbp 5 \u0111\u1ebfn l\u1edbp 12, n\u0103m 12 tu\u1ed5i c\u00f4 b\u00e9 \u0111\u00e3 thi \u0111\u1ed7 \u0111\u1ea1i h\u1ecdc, sau \u0111\u00f3 h\u1ecdc th\u1ea1c s\u0129, ti\u1ebfn s\u0129. T\u00e1c gi\u1ea3 \u0111\u00e3 t\u1ed5ng k\u1ebft kinh nghi\u1ec7m th\u00e0nh c\u00f4ng trong khi d\u1ea1y con v\u00e0 c\u00e1c h\u1ecdc sinh kh\u00e1c \u0111\u1ec3 kh\u00e1i qu\u00e1t th\u00e0nh l\u00ed lu\u1eadn v\u00e0 ph\u01b0\u01a1ng ph\u00e1p d\u1ea1y h\u1ecdc, cung c\u1ea5p cho th\u1ea7y c\u00f4 gi\u00e1o v\u00e0 cha m\u1eb9 ph\u01b0\u01a1ng ph\u00e1p d\u1ea1y h\u1ecdc thi\u1ebft th\u1ef1c v\u00e0 hi\u1ec7u qu\u1ea3.<\/p>\n<p>Th\u1ee9 hai, cu\u1ed1n s\u00e1ch \u0111\u01b0\u1ee3c vi\u1ebft th\u00f4ng qua c\u00e1c v\u00ed d\u1ee5 th\u1ef1c ti\u1ec5n, \u0111\u01b0a ra r\u1ea5t nhi\u1ec1u ph\u01b0\u01a1ng ph\u00e1p d\u1ea1y \u0111\u01a1n gi\u1ea3n, th\u1ef1c t\u1ebf, gi\u00fap cha m\u1eb9 c\u00f3 \u0111\u01b0\u1ee3c nh\u1eefng kinh nghi\u1ec7m t\u1ed1t trong vi\u1ec7c thay \u0111\u1ed5i quan \u0111i\u1ec3m, ph\u01b0\u01a1ng ph\u00e1p d\u1ea1y c\u1ee7a m\u00ecnh, \u0111\u1ed3ng th\u1eddi bi\u1ebft quan t\u00e2m to\u00e0n di\u1ec7n \u0111\u1ebfn s\u1ef1 tr\u01b0\u1edfng th\u00e0nh c\u1ee7a tr\u1ebb.<\/p>\n<p>Th\u1ee9 ba, cu\u1ed1n s\u00e1ch k\u00eau g\u1ecdi c\u00e1c b\u1eadc cha m\u1eb9 kh\u00f4ng n\u00ean tin t\u01b0\u1edfng qu\u00e1 v\u00e0o c\u00e1c tr\u01b0\u1eddng n\u1ed5i ti\u1ebfng m\u00e0 n\u00ean c\u00f3 ph\u01b0\u01a1ng ph\u00e1p d\u1ea1y con \u0111\u00fang \u0111\u1eafn, b\u1ed3i d\u01b0\u1ee1ng ph\u1ea9m ch\u1ea5t \u0111\u1ea1o \u0111\u1ee9c, n\u0103ng l\u1ef1c v\u00e0 th\u00f3i quen cho con, d\u1ea1y con \u201cti\u00ean h\u1ecdc l\u1ec5, h\u1eadu h\u1ecdc v\u0103n\u201d.<\/p>\n<p>Th\u1ee9 t\u01b0, cu\u1ed1n s\u00e1ch kh\u00f4ng ch\u1ec9 gi\u1edbi thi\u1ec7u ph\u01b0\u01a1ng ph\u00e1p n\u00e2ng cao th\u00e0nh t\u00edch h\u1ecdc t\u1eadp cho tr\u1ebb, m\u00e0 c\u00f2n gi\u1edbi thi\u1ec7u nhi\u1ec1u k\u1ef9 n\u0103ng giao ti\u1ebfp v\u1edbi con c\u00e1i. \u0110\u00e2y l\u00e0 cu\u1ed1n s\u00e1ch c\u1ea7n thi\u1ebft v\u00e0 thi\u1ebft th\u1ef1c cho c\u00e1c b\u1eadc ph\u1ee5 huynh.<\/p>","protected":false},"excerpt":{"rendered":"<p>\u201cNg\u01b0\u1eddi th\u1ea7y th\u00f4ng minh s\u1ebd kh\u00f4ng b\u1eaft b\u1ea1n b\u01b0\u1edbc v\u00e0o cung \u0111i\u1ec7n tr\u00ed tu\u1ec7 c\u1ee7a th\u1ea7y, m\u00e0 h\u01b0\u1edbng d\u1eabn b\u1ea1n m\u1edf ra c\u00e1nh c\u1eeda tr\u00ed tu\u1ec7 c\u1ee7a ri\u00eang m\u00ecnh.\u201d<\/p>","protected":false},"featured_media":1695,"comment_status":"open","ping_status":"closed","template":"","meta":{"site-sidebar-layout":"default","site-content-layout":"","ast-site-content-layout":"","site-content-style":"default","site-sidebar-style":"default","ast-global-header-display":"","ast-banner-title-visibility":"","ast-main-header-display":"","ast-hfb-above-header-display":"","ast-hfb-below-header-display":"","ast-hfb-mobile-header-display":"","site-post-title":"","ast-breadcrumbs-content":"","ast-featured-img":"","footer-sml-layout":"","theme-transparent-header-meta":"","adv-header-id-meta":"","stick-header-meta":"","header-above-stick-meta":"","header-main-stick-meta":"","header-below-stick-meta":"","astra-migrate-meta-layouts":""},"product_cat":[50],"product_tag":[52],"class_list":["post-1696","product","type-product","status-publish","has-post-thumbnail","hentry","product_cat-education","product_tag-education","desktop-align-center","tablet-align-center","mobile-align-center","ast-product-gallery-layout-horizontal-slider","ast-product-gallery-with-no-image","ast-magnify-disabled","ast-product-tabs-layout-accordion"],"aioseo_notices":[],"_links":{"self":[{"href":"https:\/\/www.booktio.org\/en\/wp-json\/wp\/v2\/product\/1696","targetHints":{"allow":["GET"]}}],"collection":[{"href":"https:\/\/www.booktio.org\/en\/wp-json\/wp\/v2\/product"}],"about":[{"href":"https:\/\/www.booktio.org\/en\/wp-json\/wp\/v2\/types\/product"}],"replies":[{"embeddable":true,"href":"https:\/\/www.booktio.org\/en\/wp-json\/wp\/v2\/comments?post=1696"}],"version-history":[{"count":0,"href":"https:\/\/www.booktio.org\/en\/wp-json\/wp\/v2\/product\/1696\/revisions"}],"wp:featuredmedia":[{"embeddable":true,"href":"https:\/\/www.booktio.org\/en\/wp-json\/wp\/v2\/media\/1695"}],"wp:attachment":[{"href":"https:\/\/www.booktio.org\/en\/wp-json\/wp\/v2\/media?parent=1696"}],"wp:term":[{"taxonomy":"product_cat","embeddable":true,"href":"https:\/\/www.booktio.org\/en\/wp-json\/wp\/v2\/product_cat?post=1696"},{"taxonomy":"product_tag","embeddable":true,"href":"https:\/\/www.booktio.org\/en\/wp-json\/wp\/v2\/product_tag?post=1696"}],"curies":[{"name":"wp","href":"https:\/\/api.w.org\/{rel}","templated":true}]}}