{"id":1676,"date":"2023-02-03T18:44:20","date_gmt":"2023-02-03T11:44:20","guid":{"rendered":"https:\/\/booktio.org\/product\/luat-cua-rung\/"},"modified":"2023-02-20T01:13:54","modified_gmt":"2023-02-19T18:13:54","slug":"luat-cua-rung","status":"publish","type":"product","link":"https:\/\/www.booktio.org\/en\/product\/luat-cua-rung\/","title":{"rendered":"Lu\u1eadt c\u1ee7a r\u1eebng"},"content":{"rendered":"<p>Nhi\u1ec1u ng\u01b0\u1eddi h\u1ecfi t\u00f4i t\u1eadp t\u1ea3n v\u0103n Lu\u1eadt c\u1ee7a r\u1eebng d\u00e0nh cho \u0111\u1ed1i t\u01b0\u1ee3ng n\u00e0o v\u1eady? Ng\u01b0\u1eddi l\u1edbn, con n\u00edt hay d\u1edf d\u1edf \u01b0\u01a1ng \u01b0\u01a1ng tu\u1ed5i m\u1edbi l\u1edbn? M\u1ed9t c\u00e2u h\u1ecfi v\u1edbi t\u1ed9i th\u1eadt kh\u00f3 tr\u1ea3 l\u1eddi. Tu\u1ed5i n\u00e0o m\u00e0 kh\u00f4ng c\u1ea7n y\u00eau th\u01b0\u01a1ng, chia s\u1ebb. Tu\u1ed5i n\u00e0o m\u00e0 kh\u00f4ng c\u00f3 \u01b0\u1edbc m\u01a1 v\u00e0 hy v\u1ecdng. T\u00f4i ch\u1ec9 l\u00e0 ng\u01b0\u1eddi k\u1ec3 ra nh\u1eefng lu\u1eadt l\u1ec7 c\u1ee7a r\u1eebng m\u00e0 m\u00ecnh l\u00e0 ch\u1ee9ng nh\u00e2n \u0111\u00e3 t\u1eebng tham d\u1ef1, c\u00f2n c\u1ea3m nh\u1eadn v\u1ec1 Lu\u1eadt c\u1ee7a r\u1eebng kh\u1eafc nghi\u1ec7t hay bao dung l\u1ea1i ph\u1ee5 thu\u1ed9c v\u00e0o c\u1ea3m quan ri\u00eang c\u1ee7a m\u1ed7i ng\u01b0\u1eddi sau khi \u0111\u1ecdc h\u1ebft trang s\u00e1ch.<\/p>","protected":false},"excerpt":{"rendered":"<p>Nhi\u1ec1u ng\u01b0\u1eddi h\u1ecfi t\u00f4i t\u1eadp t\u1ea3n v\u0103n Lu\u1eadt c\u1ee7a r\u1eebng d\u00e0nh cho \u0111\u1ed1i t\u01b0\u1ee3ng n\u00e0o v\u1eady?<\/p>","protected":false},"featured_media":1675,"comment_status":"open","ping_status":"closed","template":"","meta":{"site-sidebar-layout":"default","site-content-layout":"","ast-site-content-layout":"","site-content-style":"default","site-sidebar-style":"default","ast-global-header-display":"","ast-banner-title-visibility":"","ast-main-header-display":"","ast-hfb-above-header-display":"","ast-hfb-below-header-display":"","ast-hfb-mobile-header-display":"","site-post-title":"","ast-breadcrumbs-content":"","ast-featured-img":"","footer-sml-layout":"","theme-transparent-header-meta":"","adv-header-id-meta":"","stick-header-meta":"","header-above-stick-meta":"","header-main-stick-meta":"","header-below-stick-meta":"","astra-migrate-meta-layouts":""},"product_cat":[50],"product_tag":[52],"class_list":["post-1676","product","type-product","status-publish","has-post-thumbnail","hentry","product_cat-education","product_tag-education","desktop-align-center","tablet-align-center","mobile-align-center","ast-product-gallery-layout-horizontal-slider","ast-product-gallery-with-no-image","ast-magnify-disabled","ast-product-tabs-layout-accordion"],"aioseo_notices":[],"_links":{"self":[{"href":"https:\/\/www.booktio.org\/en\/wp-json\/wp\/v2\/product\/1676","targetHints":{"allow":["GET"]}}],"collection":[{"href":"https:\/\/www.booktio.org\/en\/wp-json\/wp\/v2\/product"}],"about":[{"href":"https:\/\/www.booktio.org\/en\/wp-json\/wp\/v2\/types\/product"}],"replies":[{"embeddable":true,"href":"https:\/\/www.booktio.org\/en\/wp-json\/wp\/v2\/comments?post=1676"}],"version-history":[{"count":0,"href":"https:\/\/www.booktio.org\/en\/wp-json\/wp\/v2\/product\/1676\/revisions"}],"wp:featuredmedia":[{"embeddable":true,"href":"https:\/\/www.booktio.org\/en\/wp-json\/wp\/v2\/media\/1675"}],"wp:attachment":[{"href":"https:\/\/www.booktio.org\/en\/wp-json\/wp\/v2\/media?parent=1676"}],"wp:term":[{"taxonomy":"product_cat","embeddable":true,"href":"https:\/\/www.booktio.org\/en\/wp-json\/wp\/v2\/product_cat?post=1676"},{"taxonomy":"product_tag","embeddable":true,"href":"https:\/\/www.booktio.org\/en\/wp-json\/wp\/v2\/product_tag?post=1676"}],"curies":[{"name":"wp","href":"https:\/\/api.w.org\/{rel}","templated":true}]}}