{"id":1674,"date":"2023-02-03T18:44:19","date_gmt":"2023-02-03T11:44:19","guid":{"rendered":"https:\/\/booktio.org\/product\/con-cho-nho-mang-gio-hoa-hong\/"},"modified":"2023-02-20T01:35:55","modified_gmt":"2023-02-19T18:35:55","slug":"con-cho-nho-mang-gio-hoa-hong","status":"publish","type":"product","link":"https:\/\/www.booktio.org\/en\/product\/con-cho-nho-mang-gio-hoa-hong\/","title":{"rendered":"Con Ch\u00f3 Nh\u1ecf Mang Gi\u1ecf Hoa H\u1ed3ng"},"content":{"rendered":"<p>Con Ch\u00f3 Nh\u1ecf Mang Gi\u1ecf Hoa H\u1ed3ng l\u00e0 t\u00e1c ph\u1ea9m m\u1edbi nh\u1ea5t c\u1ee7a nh\u00e0 v\u0103n chuy\u00ean vi\u1ebft cho thanh thi\u1ebfu ni\u00ean Nguy\u1ec5n Nh\u1eadt \u00c1nh, n\u1ed1i ti\u1ebfp sau B\u1ea3y b\u01b0\u1edbc t\u1edbi m\u00f9a h\u00e8, T\u00f4i th\u1ea5y hoa v\u00e0ng tr\u00ean c\u1ecf xanh\u2026 g\u00e2y s\u00f3ng gi\u00f3 th\u1ecb tr\u01b0\u1eddng s\u00e1ch n\u0103m 2015.<\/p>\n<p>5 ch\u01b0\u01a1ng s\u00e1ch v\u1edbi 86 c\u00e2u chuy\u1ec7n c\u1ef1c k\u1ef3 th\u00fa v\u1ecb v\u00e0 h\u00e0i h\u01b0\u1edbc v\u1ec1 5 con ch\u00f3 5 lo\u00e0i 5 t\u00ednh c\u00e1ch trong 1 gia \u0111\u00ecnh c\u00f3 3 ng\u01b0\u1eddi \u0111\u1ec1u y\u00eau ch\u00fang nh\u01b0ng theo t\u1eebng c\u00e1ch ri\u00eang c\u1ee7a m\u00ecnh. C\u00e1c c\u00e2u chuy\u1ec7n v\u1ec1 t\u00ecnh b\u1ea1n gi\u1eefa ch\u00fang v\u1edbi nhau, gi\u1eefa ch\u00fang v\u1edbi ch\u1ecb Ni, ba m\u1eb9, kh\u00e1ch \u0111\u1ebfn nh\u00e0\u2026 th\u1ef1c s\u1ef1 mang l\u1ea1i m\u1ed9t th\u1ebf gi\u1edbi trong tr\u1ebbo, nh\u1eefng \u0111o\u1ea1n \u0111\u1eddi d\u1ec5 th\u01b0\u01a1ng quy\u1ebfn r\u0169 tu\u1ed5i m\u1edbi l\u1edbn.<\/p>\n<p>M\u1ed9t quy\u1ec3n s\u00e1ch l\u00f4i cu\u1ed1n vi\u1ebft cho t\u1ea5t c\u1ea3 ch\u00fang ta: tr\u1ebb con v\u00e0 ng\u01b0\u1eddi l\u1edbn. Cu\u1ed9c \u0111\u1eddi c\u1ee7a 5 con ch\u00f3 nh\u1ecf: Haili, Bat\u00f4, Suku, \u00cam\u00ea v\u00e0 Pig \u0111\u01b0\u1ee3c t\u00e1i hi\u1ec7n nh\u01b0 \u0111\u1eddi s\u1ed1ng c\u1ee7a m\u1ed7i con ng\u01b0\u1eddi: t\u00ecnh b\u1ea1n, t\u00ecnh y\u00eau, \u0111am m\u00ea, l\u00f2ng d\u0169ng c\u1ea3m, s\u1ef1 s\u1ee3 h\u00e3i, v\u00e0 nh\u1eefng \u01b0\u1edbc m\u01a1&#8230;<\/p>","protected":false},"excerpt":{"rendered":"<p>Con Ch\u00f3 Nh\u1ecf Mang Gi\u1ecf Hoa H\u1ed3ng l\u00e0 t\u00e1c ph\u1ea9m m\u1edbi nh\u1ea5t c\u1ee7a nh\u00e0 v\u0103n chuy\u00ean vi\u1ebft cho thanh thi\u1ebfu ni\u00ean Nguy\u1ec5n Nh\u1eadt \u00c1nh, n\u1ed1i ti\u1ebfp sau B\u1ea3y b\u01b0\u1edbc t\u1edbi m\u00f9a h\u00e8, T\u00f4i th\u1ea5y hoa v\u00e0ng tr\u00ean c\u1ecf xanh\u2026 g\u00e2y s\u00f3ng gi\u00f3 th\u1ecb tr\u01b0\u1eddng s\u00e1ch n\u0103m 2015.<\/p>","protected":false},"featured_media":1673,"comment_status":"open","ping_status":"closed","template":"","meta":{"site-sidebar-layout":"default","site-content-layout":"","ast-site-content-layout":"","site-content-style":"default","site-sidebar-style":"default","ast-global-header-display":"","ast-banner-title-visibility":"","ast-main-header-display":"","ast-hfb-above-header-display":"","ast-hfb-below-header-display":"","ast-hfb-mobile-header-display":"","site-post-title":"","ast-breadcrumbs-content":"","ast-featured-img":"","footer-sml-layout":"","theme-transparent-header-meta":"","adv-header-id-meta":"","stick-header-meta":"","header-above-stick-meta":"","header-main-stick-meta":"","header-below-stick-meta":"","astra-migrate-meta-layouts":""},"product_cat":[53,39,40],"product_tag":[54,41,36],"class_list":["post-1674","product","type-product","status-publish","has-post-thumbnail","hentry","product_cat-animals","product_cat-children","product_cat-fiction","product_tag-animals","product_tag-children","product_tag-fiction","desktop-align-center","tablet-align-center","mobile-align-center","ast-product-gallery-layout-horizontal-slider","ast-product-gallery-with-no-image","ast-magnify-disabled","ast-product-tabs-layout-accordion"],"aioseo_notices":[],"_links":{"self":[{"href":"https:\/\/www.booktio.org\/en\/wp-json\/wp\/v2\/product\/1674","targetHints":{"allow":["GET"]}}],"collection":[{"href":"https:\/\/www.booktio.org\/en\/wp-json\/wp\/v2\/product"}],"about":[{"href":"https:\/\/www.booktio.org\/en\/wp-json\/wp\/v2\/types\/product"}],"replies":[{"embeddable":true,"href":"https:\/\/www.booktio.org\/en\/wp-json\/wp\/v2\/comments?post=1674"}],"version-history":[{"count":1,"href":"https:\/\/www.booktio.org\/en\/wp-json\/wp\/v2\/product\/1674\/revisions"}],"predecessor-version":[{"id":2142,"href":"https:\/\/www.booktio.org\/en\/wp-json\/wp\/v2\/product\/1674\/revisions\/2142"}],"wp:featuredmedia":[{"embeddable":true,"href":"https:\/\/www.booktio.org\/en\/wp-json\/wp\/v2\/media\/1673"}],"wp:attachment":[{"href":"https:\/\/www.booktio.org\/en\/wp-json\/wp\/v2\/media?parent=1674"}],"wp:term":[{"taxonomy":"product_cat","embeddable":true,"href":"https:\/\/www.booktio.org\/en\/wp-json\/wp\/v2\/product_cat?post=1674"},{"taxonomy":"product_tag","embeddable":true,"href":"https:\/\/www.booktio.org\/en\/wp-json\/wp\/v2\/product_tag?post=1674"}],"curies":[{"name":"wp","href":"https:\/\/api.w.org\/{rel}","templated":true}]}}