{"id":1106,"date":"2023-01-27T15:42:05","date_gmt":"2023-01-27T08:42:05","guid":{"rendered":"https:\/\/booktio.org\/?page_id=1106"},"modified":"2023-03-15T10:01:26","modified_gmt":"2023-03-15T03:01:26","slug":"borrow-guide","status":"publish","type":"page","link":"https:\/\/www.booktio.org\/en\/borrow-guide\/","title":{"rendered":"Borrow Guide"},"content":{"rendered":"<div data-elementor-type=\"wp-page\" data-elementor-id=\"1106\" class=\"elementor elementor-1106\" data-elementor-post-type=\"page\">\n\t\t\t\t\t\t\t\t\t<section class=\"elementor-section elementor-top-section elementor-element elementor-element-48ed525 elementor-section-boxed elementor-section-height-default elementor-section-height-default\" data-id=\"48ed525\" data-element_type=\"section\" data-settings=\"{&quot;background_background&quot;:&quot;classic&quot;}\">\n\t\t\t\t\t\t<div class=\"elementor-container elementor-column-gap-default\">\n\t\t\t\t\t<div class=\"elementor-column elementor-col-100 elementor-top-column elementor-element elementor-element-3687448\" data-id=\"3687448\" data-element_type=\"column\">\n\t\t\t<div class=\"elementor-widget-wrap elementor-element-populated\">\n\t\t\t\t\t\t\t\t<div class=\"elementor-element elementor-element-14bfdbb elementor-invisible elementor-widget elementor-widget-image\" data-id=\"14bfdbb\" data-element_type=\"widget\" data-settings=\"{&quot;_animation&quot;:&quot;fadeIn&quot;}\" data-widget_type=\"image.default\">\n\t\t\t\t<div class=\"elementor-widget-container\">\n\t\t\t<style>\/*! elementor - v3.15.0 - 20-08-2023 *\/\n.elementor-widget-image{text-align:center}.elementor-widget-image a{display:inline-block}.elementor-widget-image a img[src$=\".svg\"]{width:48px}.elementor-widget-image img{vertical-align:middle;display:inline-block}<\/style>\t\t\t\t\t\t\t\t\t\t\t\t<img decoding=\"async\" width=\"768\" height=\"512\" src=\"https:\/\/www.booktio.org\/wp-content\/uploads\/2023\/01\/26921590_Customer-receiving-package-from-courier-hands-2-768x512.jpg\" class=\"attachment-medium_large size-medium_large wp-image-1108\" srcset=\"https:\/\/www.booktio.org\/wp-content\/uploads\/2023\/01\/26921590_Customer-receiving-package-from-courier-hands-2-768x512.jpg 768w, https:\/\/www.booktio.org\/wp-content\/uploads\/2023\/01\/26921590_Customer-receiving-package-from-courier-hands-2-300x200.jpg 300w, https:\/\/www.booktio.org\/wp-content\/uploads\/2023\/01\/26921590_Customer-receiving-package-from-courier-hands-2-scaled-600x400.jpg 600w, https:\/\/www.booktio.org\/wp-content\/uploads\/2023\/01\/26921590_Customer-receiving-package-from-courier-hands-2-1024x683.jpg 1024w, https:\/\/www.booktio.org\/wp-content\/uploads\/2023\/01\/26921590_Customer-receiving-package-from-courier-hands-2-1536x1024.jpg 1536w, https:\/\/www.booktio.org\/wp-content\/uploads\/2023\/01\/26921590_Customer-receiving-package-from-courier-hands-2-2048x1365.jpg 2048w\" sizes=\"(max-width: 768px) 100vw, 768px\" \/>\t\t\t\t\t\t\t\t\t\t\t\t\t\t\t<\/div>\n\t\t\t\t<\/div>\n\t\t\t\t\t<\/div>\n\t\t<\/div>\n\t\t\t\t\t\t\t<\/div>\n\t\t<\/section>\n\t\t\t\t<section class=\"elementor-section elementor-top-section elementor-element elementor-element-36fd739f elementor-section-content-middle elementor-section-boxed elementor-section-height-default elementor-section-height-default\" data-id=\"36fd739f\" data-element_type=\"section\" data-settings=\"{&quot;background_background&quot;:&quot;classic&quot;}\">\n\t\t\t\t\t\t<div class=\"elementor-container elementor-column-gap-no\">\n\t\t\t\t\t<div class=\"elementor-column elementor-col-100 elementor-top-column elementor-element elementor-element-1cb82dab\" data-id=\"1cb82dab\" data-element_type=\"column\">\n\t\t\t<div class=\"elementor-widget-wrap elementor-element-populated\">\n\t\t\t\t\t\t\t\t<div class=\"elementor-element elementor-element-fa7d761 animated-slow elementor-invisible elementor-widget elementor-widget-heading\" data-id=\"fa7d761\" data-element_type=\"widget\" data-settings=\"{&quot;_animation&quot;:&quot;slideInLeft&quot;}\" data-widget_type=\"heading.default\">\n\t\t\t\t<div class=\"elementor-widget-container\">\n\t\t\t<style>\/*! elementor - v3.15.0 - 20-08-2023 *\/\n.elementor-heading-title{padding:0;margin:0;line-height:1}.elementor-widget-heading .elementor-heading-title[class*=elementor-size-]>a{color:inherit;font-size:inherit;line-height:inherit}.elementor-widget-heading .elementor-heading-title.elementor-size-small{font-size:15px}.elementor-widget-heading .elementor-heading-title.elementor-size-medium{font-size:19px}.elementor-widget-heading .elementor-heading-title.elementor-size-large{font-size:29px}.elementor-widget-heading .elementor-heading-title.elementor-size-xl{font-size:39px}.elementor-widget-heading .elementor-heading-title.elementor-size-xxl{font-size:59px}<\/style><h2 class=\"elementor-heading-title elementor-size-default\">Guide to Borrowing Books<\/h2>\t\t<\/div>\n\t\t\t\t<\/div>\n\t\t\t\t<section class=\"elementor-section elementor-inner-section elementor-element elementor-element-62519d9e elementor-section-boxed elementor-section-height-default elementor-section-height-default\" data-id=\"62519d9e\" data-element_type=\"section\">\n\t\t\t\t\t\t<div class=\"elementor-container elementor-column-gap-default\">\n\t\t\t\t\t<div class=\"elementor-column elementor-col-50 elementor-inner-column elementor-element elementor-element-39191350\" data-id=\"39191350\" data-element_type=\"column\">\n\t\t\t<div class=\"elementor-widget-wrap elementor-element-populated\">\n\t\t\t\t\t\t\t\t<div class=\"elementor-element elementor-element-5e6cae3d elementor-position-left animated-fast elementor-view-default elementor-mobile-position-top elementor-vertical-align-top elementor-invisible elementor-widget elementor-widget-icon-box\" data-id=\"5e6cae3d\" data-element_type=\"widget\" data-settings=\"{&quot;_animation&quot;:&quot;fadeIn&quot;}\" data-widget_type=\"icon-box.default\">\n\t\t\t\t<div class=\"elementor-widget-container\">\n\t\t\t<link rel=\"stylesheet\" href=\"https:\/\/www.booktio.org\/wp-content\/plugins\/elementor\/assets\/css\/widget-icon-box.min.css\">\t\t<div class=\"elementor-icon-box-wrapper\">\n\t\t\t\t\t\t<div class=\"elementor-icon-box-icon\">\n\t\t\t\t<span class=\"elementor-icon elementor-animation-grow\" >\n\t\t\t\t<i aria-hidden=\"true\" class=\"fas fa-money-bill-wave\"><\/i>\t\t\t\t<\/span>\n\t\t\t<\/div>\n\t\t\t\t\t\t<div class=\"elementor-icon-box-content\">\n\t\t\t\t<h3 class=\"elementor-icon-box-title\">\n\t\t\t\t\t<span  >\n\t\t\t\t\t\tBook Deposits\t\t\t\t\t<\/span>\n\t\t\t\t<\/h3>\n\t\t\t\t\t\t\t\t\t<p class=\"elementor-icon-box-description\">\n\t\t\t\t\t\tThe deposit amount for each book is 150,000 VND. This deposit is intended to assist Booktio in cases of damage or loss of books. The deposit amount will be 100% refunded to you after the books are returned. \t\t\t\t\t<\/p>\n\t\t\t\t\t\t\t<\/div>\n\t\t<\/div>\n\t\t\t\t<\/div>\n\t\t\t\t<\/div>\n\t\t\t\t\t<\/div>\n\t\t<\/div>\n\t\t\t\t<div class=\"elementor-column elementor-col-50 elementor-inner-column elementor-element elementor-element-65cc670b\" data-id=\"65cc670b\" data-element_type=\"column\">\n\t\t\t<div class=\"elementor-widget-wrap elementor-element-populated\">\n\t\t\t\t\t\t\t\t<div class=\"elementor-element elementor-element-5c38e8dd elementor-position-left animated-fast elementor-view-default elementor-mobile-position-top elementor-vertical-align-top elementor-invisible elementor-widget elementor-widget-icon-box\" data-id=\"5c38e8dd\" data-element_type=\"widget\" data-settings=\"{&quot;_animation&quot;:&quot;fadeIn&quot;,&quot;_animation_delay&quot;:0}\" data-widget_type=\"icon-box.default\">\n\t\t\t\t<div class=\"elementor-widget-container\">\n\t\t\t\t\t<div class=\"elementor-icon-box-wrapper\">\n\t\t\t\t\t\t<div class=\"elementor-icon-box-icon\">\n\t\t\t\t<span class=\"elementor-icon elementor-animation-grow\" >\n\t\t\t\t<i aria-hidden=\"true\" class=\"fas fa-book\"><\/i>\t\t\t\t<\/span>\n\t\t\t<\/div>\n\t\t\t\t\t\t<div class=\"elementor-icon-box-content\">\n\t\t\t\t<h3 class=\"elementor-icon-box-title\">\n\t\t\t\t\t<span  >\n\t\t\t\t\t\tHow to borrow books?\t\t\t\t\t<\/span>\n\t\t\t\t<\/h3>\n\t\t\t\t\t\t\t\t\t<p class=\"elementor-icon-box-description\">\n\t\t\t\t\t\tStep 1: Create an account on Booktio. To create an account, please go to the My Account page in the\nheader menu. If you already have an account, fill out your account information and click login to log into\nthat account. To create a new account, click on Register and enter the correct details to create the\naccount. There is also an option to create an account on the checkout page if you prefer to choose the\nbooks first and create an account later.<br><br>\nStep 2: Go to the Book Catalog page, select the book you want to borrow, click Add to Cart of the book\nyou want to borrow, and click the Checkout button. <br><br>\nStep 3: Pay the deposit by bank transfer to Booktio or pay a deposit to the shipper when receiving\nbooks.<br><br>\nStep 4: Receive the book, pay the shipping fee and deposit to the shipper (in case you don&#039;t transfer the\ndeposit), and enjoy Booktio&#039;s fascinating books and stories.  <br>\n<br>Usually, books are sent to you on the Saturday or Sunday closest to the date you ordered from the\nBooktio library. \n\t\t\t\t\t<\/p>\n\t\t\t\t\t\t\t<\/div>\n\t\t<\/div>\n\t\t\t\t<\/div>\n\t\t\t\t<\/div>\n\t\t\t\t\t<\/div>\n\t\t<\/div>\n\t\t\t\t\t\t\t<\/div>\n\t\t<\/section>\n\t\t\t\t<section class=\"elementor-section elementor-inner-section elementor-element elementor-element-125609f1 animated-slow elementor-section-boxed elementor-section-height-default elementor-section-height-default elementor-invisible\" data-id=\"125609f1\" data-element_type=\"section\" data-settings=\"{&quot;animation&quot;:&quot;fadeIn&quot;}\">\n\t\t\t\t\t\t<div class=\"elementor-container elementor-column-gap-default\">\n\t\t\t\t\t<div class=\"elementor-column elementor-col-50 elementor-inner-column elementor-element elementor-element-40f10f5a\" data-id=\"40f10f5a\" data-element_type=\"column\">\n\t\t\t<div class=\"elementor-widget-wrap elementor-element-populated\">\n\t\t\t\t\t\t\t\t<div class=\"elementor-element elementor-element-4d7c888f elementor-position-left animated-fast elementor-view-default elementor-mobile-position-top elementor-vertical-align-top elementor-invisible elementor-widget elementor-widget-icon-box\" data-id=\"4d7c888f\" data-element_type=\"widget\" data-settings=\"{&quot;_animation&quot;:&quot;fadeIn&quot;,&quot;_animation_delay&quot;:0}\" data-widget_type=\"icon-box.default\">\n\t\t\t\t<div class=\"elementor-widget-container\">\n\t\t\t\t\t<div class=\"elementor-icon-box-wrapper\">\n\t\t\t\t\t\t<div class=\"elementor-icon-box-icon\">\n\t\t\t\t<span class=\"elementor-icon elementor-animation-grow\" >\n\t\t\t\t<i aria-hidden=\"true\" class=\"fas fa-book-reader\"><\/i>\t\t\t\t<\/span>\n\t\t\t<\/div>\n\t\t\t\t\t\t<div class=\"elementor-icon-box-content\">\n\t\t\t\t<h3 class=\"elementor-icon-box-title\">\n\t\t\t\t\t<span  >\n\t\t\t\t\t\tHow many books can you borrow each time and how long can you keep a borrowed book? \t\t\t\t\t<\/span>\n\t\t\t\t<\/h3>\n\t\t\t\t\t\t\t\t\t<p class=\"elementor-icon-box-description\">\n\t\t\t\t\t\tYou can borrow up to 5 books at a time, and try to read all the books you borrow within a maximum of\n30 days. The 30 days are counted from the date Booktio sends the book to the address you provided in\nyour account. The last day to return the book will be the Saturday or Sunday closest to the 30th day of\nthe borrowed period. <br>\n<br>For example: If Booktio delivers the book on Saturday, February 4, 2023, the return deadline will be\nSunday, March 5, 2023. If Booktio ships the book on Wednesday, February 8, 2023, the return deadline\nwill be Saturday, March 11, 2023. <br>\n<br>If you return the book later than the 30 days borrow period, Booktio will deduct from the deposit the\namount of 10,000 VND\/book\/week late. <br>\n<br>Many others are hoping to read the books you might be borrowing, so please return your books on time\nso we can spread the books for all to read!  \n\t\t\t\t\t<\/p>\n\t\t\t\t\t\t\t<\/div>\n\t\t<\/div>\n\t\t\t\t<\/div>\n\t\t\t\t<\/div>\n\t\t\t\t\t<\/div>\n\t\t<\/div>\n\t\t\t\t<div class=\"elementor-column elementor-col-50 elementor-inner-column elementor-element elementor-element-4c079210\" data-id=\"4c079210\" data-element_type=\"column\">\n\t\t\t<div class=\"elementor-widget-wrap elementor-element-populated\">\n\t\t\t\t\t\t\t\t<div class=\"elementor-element elementor-element-3e3b8a64 elementor-position-left animated-fast elementor-view-default elementor-mobile-position-top elementor-vertical-align-top elementor-invisible elementor-widget elementor-widget-icon-box\" data-id=\"3e3b8a64\" data-element_type=\"widget\" data-settings=\"{&quot;_animation&quot;:&quot;fadeIn&quot;,&quot;_animation_delay&quot;:0}\" data-widget_type=\"icon-box.default\">\n\t\t\t\t<div class=\"elementor-widget-container\">\n\t\t\t\t\t<div class=\"elementor-icon-box-wrapper\">\n\t\t\t\t\t\t<div class=\"elementor-icon-box-icon\">\n\t\t\t\t<span class=\"elementor-icon elementor-animation-grow\" >\n\t\t\t\t<i aria-hidden=\"true\" class=\"fas fa-box\"><\/i>\t\t\t\t<\/span>\n\t\t\t<\/div>\n\t\t\t\t\t\t<div class=\"elementor-icon-box-content\">\n\t\t\t\t<h3 class=\"elementor-icon-box-title\">\n\t\t\t\t\t<span  >\n\t\t\t\t\t\tHow to return books?\t\t\t\t\t<\/span>\n\t\t\t\t<\/h3>\n\t\t\t\t\t\t\t\t\t<p class=\"elementor-icon-box-description\">\n\t\t\t\t\t\tYou may return the book to Booktio using any shipping or delivery service you wish to return to the\naddress listed below. Note: Booktio only accepts books on weekends!<br>\n<br>Immediately after receiving the books and checking the book&#039;s condition, Booktio will refund the\namount you deposited.<br> \n<br>Return Address: Th\u01b0 vi\u1ec7n Booktio Block B, chung c\u01b0 Florita, \u0111\u01b0\u1eddng Ho\u00e0ng Tr\u1ecdng M\u1eadu, Ph\u01b0\u1eddng T\u00e2n\nH\u01b0ng, Qu\u1eadn 7, TP. H\u1ed3 Ch\u00ed Minh. (Nguy\u00ean Kh\u00f4i- 0902903688). \t\t\t\t\t<\/p>\n\t\t\t\t\t\t\t<\/div>\n\t\t<\/div>\n\t\t\t\t<\/div>\n\t\t\t\t<\/div>\n\t\t\t\t\t<\/div>\n\t\t<\/div>\n\t\t\t\t\t\t\t<\/div>\n\t\t<\/section>\n\t\t\t\t\t<\/div>\n\t\t<\/div>\n\t\t\t\t\t\t\t<\/div>\n\t\t<\/section>\n\t\t\t\t\t\t\t<\/div>","protected":false},"excerpt":{"rendered":"<p>H\u01b0\u1edbng d\u1eabn kh\u00e1ch h\u00e0ng \u0110\u1eb6T C\u1eccC S\u1ed1 ti\u1ec1n \u0111\u1eb7t c\u1ecdc cho m\u1ed7i cu\u1ed1n s\u00e1ch l\u00e0 150,000 \u0111\u1ed3ng. Kho\u1ea3n \u0111\u1eb7t c\u1ecdc n\u00e0y nh\u1eb1m h\u1ed7 tr\u1ee3 Booktio trong c\u00e1c tr\u01b0\u1eddng h\u1ee3p h\u01b0 h\u1ecfng hay m\u1ea5t s\u00e1ch. S\u1ed1 ti\u1ec1n \u0111\u1eb7t c\u1ecdc s\u1ebd \u0111\u01b0\u1ee3c ho\u00e0n l\u1ea1i 100% cho b\u1ea1n sau th\u1eddi gian tr\u1ea3i nghi\u1ec7m m\u01b0\u1ee3n s\u00e1ch mi\u1ec5n ph\u00ed. M\u01b0\u1ee3n &hellip;<\/p>\n<p class=\"read-more\"> <a class=\"\" href=\"https:\/\/www.booktio.org\/en\/borrow-guide\/\"> <span class=\"screen-reader-text\">Borrow Guide<\/span> Read More &raquo;<\/a><\/p>","protected":false},"author":1,"featured_media":0,"parent":0,"menu_order":0,"comment_status":"closed","ping_status":"closed","template":"","meta":{"site-sidebar-layout":"no-sidebar","site-content-layout":"page-builder","ast-site-content-layout":"","site-content-style":"default","site-sidebar-style":"default","ast-global-header-display":"","ast-banner-title-visibility":"","ast-main-header-display":"","ast-hfb-above-header-display":"","ast-hfb-below-header-display":"","ast-hfb-mobile-header-display":"","site-post-title":"disabled","ast-breadcrumbs-content":"","ast-featured-img":"disabled","footer-sml-layout":"","theme-transparent-header-meta":"","adv-header-id-meta":"","stick-header-meta":"","header-above-stick-meta":"","header-main-stick-meta":"","header-below-stick-meta":"","astra-migrate-meta-layouts":"","footnotes":""},"class_list":["post-1106","page","type-page","status-publish","hentry"],"aioseo_notices":[],"_links":{"self":[{"href":"https:\/\/www.booktio.org\/en\/wp-json\/wp\/v2\/pages\/1106","targetHints":{"allow":["GET"]}}],"collection":[{"href":"https:\/\/www.booktio.org\/en\/wp-json\/wp\/v2\/pages"}],"about":[{"href":"https:\/\/www.booktio.org\/en\/wp-json\/wp\/v2\/types\/page"}],"author":[{"embeddable":true,"href":"https:\/\/www.booktio.org\/en\/wp-json\/wp\/v2\/users\/1"}],"replies":[{"embeddable":true,"href":"https:\/\/www.booktio.org\/en\/wp-json\/wp\/v2\/comments?post=1106"}],"version-history":[{"count":58,"href":"https:\/\/www.booktio.org\/en\/wp-json\/wp\/v2\/pages\/1106\/revisions"}],"predecessor-version":[{"id":2897,"href":"https:\/\/www.booktio.org\/en\/wp-json\/wp\/v2\/pages\/1106\/revisions\/2897"}],"wp:attachment":[{"href":"https:\/\/www.booktio.org\/en\/wp-json\/wp\/v2\/media?parent=1106"}],"curies":[{"name":"wp","href":"https:\/\/api.w.org\/{rel}","templated":true}]}}